{"id":9,"date":"2013-12-21T19:58:20","date_gmt":"2013-12-21T18:58:20","guid":{"rendered":"http:\/\/epilweb.com\/blog\/?page_id=9"},"modified":"2018-02-01T15:17:56","modified_gmt":"2018-02-01T14:17:56","slug":"livraison","status":"publish","type":"page","link":"https:\/\/epilweb.com\/blog\/livraison\/","title":{"rendered":"Les questions :"},"content":{"rendered":"<h3><strong>Le d\u00e9lai d&rsquo;exp\u00e9dition :<\/strong><\/h3>\n<p>G\u00e9n\u00e9ralement les commandes sont exp\u00e9di\u00e9es dans les 48 heures. Au fur et \u00e0 mesure de l&rsquo;avancement de votre commande vous avez d\u00fb recevoir des informations. Avant de nous contacter, si vous n&rsquo;avez rien re\u00e7u, regardez dans vos spams ou\/et contr\u00f4lez votre adresse mail sur votre compte.<\/p>\n<h3><strong>La livraison :<\/strong><\/h3>\n<p>Vous avez des questions sur la livraison.<br \/>\nLes commandes sont exp\u00e9di\u00e9es par La Poste en Colissimo jusqu&rsquo;\u00e0 25 kg.<br \/>\nVous avez la possibilit\u00e9 de suivre votre commande sur le site de La Poste. Vous avez re\u00e7u le num\u00e9ro de suivi et vous avez un lien sur votre compte pour le suivre automatiquement.<\/p>\n<p>A parti de votre compte, vous pouvez suivre vos produits, r\u00e9cup\u00e9rer votre facture, voir si vous avez des r\u00e9ductions, voir vos adresses de livraison&#8230;<\/p>\n<h3>Avis Epilweb<\/h3>\n<p>Vous souhaitez laisser un commentaire ou un avis Epilweb. Vous pouvez en laisser un sur les produits de la boutique. Aller sur le produit et placez votre commentaire. Vous aviez un souci, \u00e9crivez plut\u00f4t directement, on vous r\u00e9pondra et ce sera plus simple.<\/p>\n<h3>Compatible ou pas ?<\/h3>\n<p>On demande souvent si les recharges 100 ml de la boutique peuvent \u00eatre utilis\u00e9es dans un autre chauffe-cire.<\/p>\n<p>Les recharges sont des 100 ml avec le roll-on int\u00e9gr\u00e9. Le roll-on ne se d\u00e9monte pas, on jette la recharge une fois dans le plastique une fois qu&rsquo;elle est vide.<\/p>\n<p>Les dimensions de la recharge sont\u00a0 11 x 5.2 x 2.2 cm<\/p>\n<p>Ce type de recharge est compatible avec un autre chauffe-cire professionnel. Si votre appareil vient d&rsquo;un hyper march\u00e9, ce ne sera pas bon. D&rsquo;une foire, il faut voir mais \u00e7a risque d&rsquo;\u00eatre non.<\/p>\n<p><span style=\"text-decoration: underline;\"><strong>Incompatible avec ces marques :<\/strong><\/span><\/p>\n<p>Beurer, Easy wax, Quickepil, starpil, il en existe d&rsquo;autres bien entendu.<\/p>\n<p>Si les annonces de ces marques \u00e9taient convenablement d\u00e9crites, vous auriez acc\u00e8s aux dimensions, et composants des cires \u00e0 \u00e9piler et vous pourriez comparer. Un peu de r\u00e9flexion pour \u00ab\u00a0savoir\u00a0\u00bb, si c&rsquo;est cher, ce n&rsquo;est surement pas bon, si \u00e7a ne ressemble pas \u00e0 la photo, ce n&rsquo;est pas bon, si \u00e7a ne fait pas 100 ml, ce n&rsquo;est pas bon. Je connais certains vendeurs qui vous r\u00e9pondront \u00ab\u00a0je ne sais pas, il faut essayer&#8230;\u00a0\u00bb \u00e0 vous de voir !<\/p>\n<h3>\u00a0Virement bancaire<\/h3>\n<p>Le virement bancaire est plut\u00f4t utilis\u00e9 en <a href=\"https:\/\/epilweb.com\/\">Suisse<\/a> ou <a href=\"https:\/\/epilweb.be\">Belgique.<\/a><\/p>\n<p>Sur la <a href=\"https:\/\/epilweb.com\/\">boutique<\/a> nous l&rsquo;acceptons, attention il y a une r\u00e8gle \u00e0 respecter.<\/p>\n<p>Le prix affich\u00e9 est le montant qui doit nous \u00eatre pay\u00e9, ce qui signifie que les frais (s&rsquo;il y en a) sont \u00e0 la charge de l&rsquo;acheteur, de celui qui paie. Ne vous trompez pas en remplissant la fiche dans votre banque. Dans le cas contraire, votre banque prendra une commission au passage et la banque r\u00e9ceptrice \u00e9galement. En France les banques ne favorisent pas ce paiement et taxes le mieux possible en leur faveur. Au final, votre produit ne sera pas exp\u00e9di\u00e9 et vous aurez perdu de l&rsquo;argent pour rien. Mon conseil si vous n&rsquo;avez pas l&rsquo;habitude, demandez \u00e0 votre entourage ou le mieux utilisez paypal, c&rsquo;est encore plus facile.<\/p>\n<p>&nbsp;<\/p>\n","protected":false},"excerpt":{"rendered":"<p>Le d\u00e9lai d&rsquo;exp\u00e9dition : G\u00e9n\u00e9ralement les commandes sont exp\u00e9di\u00e9es dans les 48 heures. Au fur et \u00e0 mesure de l&rsquo;avancement de votre commande vous avez d\u00fb recevoir des informations. Avant de nous contacter, si vous n&rsquo;avez rien re\u00e7u, regardez dans vos spams ou\/et contr\u00f4lez votre adresse mail sur votre compte. La livraison : Vous avez &hellip; <a href=\"https:\/\/epilweb.com\/blog\/livraison\/\" class=\"more-link\">Continuer la lecture de <span class=\"screen-reader-text\">Les questions :<\/span> <span class=\"meta-nav\">&rarr;<\/span><\/a><\/p>\n","protected":false},"author":1,"featured_media":0,"parent":0,"menu_order":4,"comment_status":"closed","ping_status":"closed","template":"","meta":{"footnotes":""},"class_list":["post-9","page","type-page","status-publish","hentry"],"yoast_head":"<!-- This site is optimized with the Yoast SEO plugin v27.6 - https:\/\/yoast.com\/product\/yoast-seo-wordpress\/ -->\n<title>Question &amp; Avis Epilweb. Mieux vaut parler boutique que du mal du voisin<\/title>\n<meta name=\"description\" content=\"Vos avis Epilweb et questions sur la boutique et ses produits d&#039;\u00e9pilation, de massage, de fonctionnement. On fera notre possible pour vous aider en r\u00e9pondant\" \/>\n<meta name=\"robots\" content=\"index, follow, max-snippet:-1, max-image-preview:large, max-video-preview:-1\" \/>\n<link rel=\"canonical\" href=\"https:\/\/epilweb.com\/blog\/livraison\/\" \/>\n<meta property=\"og:locale\" content=\"fr_FR\" \/>\n<meta property=\"og:type\" content=\"article\" \/>\n<meta property=\"og:title\" content=\"Question &amp; Avis Epilweb. Mieux vaut parler boutique que du mal du voisin\" \/>\n<meta property=\"og:description\" content=\"Vos avis Epilweb et questions sur la boutique et ses produits d&#039;\u00e9pilation, de massage, de fonctionnement. On fera notre possible pour vous aider en r\u00e9pondant\" \/>\n<meta property=\"og:url\" content=\"https:\/\/epilweb.com\/blog\/livraison\/\" \/>\n<meta property=\"og:site_name\" content=\"Epilweb blog\" \/>\n<meta property=\"article:publisher\" content=\"https:\/\/www.facebook.com\/epilweb\" \/>\n<meta property=\"article:modified_time\" content=\"2018-02-01T14:17:56+00:00\" \/>\n<meta name=\"twitter:label1\" content=\"Dur\u00e9e de lecture estim\u00e9e\" \/>\n\t<meta name=\"twitter:data1\" content=\"3 minutes\" \/>\n<script type=\"application\/ld+json\" class=\"yoast-schema-graph\">{\"@context\":\"https:\\\/\\\/schema.org\",\"@graph\":[{\"@type\":\"WebPage\",\"@id\":\"https:\\\/\\\/epilweb.com\\\/blog\\\/livraison\\\/\",\"url\":\"https:\\\/\\\/epilweb.com\\\/blog\\\/livraison\\\/\",\"name\":\"Question & Avis Epilweb. Mieux vaut parler boutique que du mal du voisin\",\"isPartOf\":{\"@id\":\"https:\\\/\\\/epilweb.com\\\/blog\\\/#website\"},\"datePublished\":\"2013-12-21T18:58:20+00:00\",\"dateModified\":\"2018-02-01T14:17:56+00:00\",\"description\":\"Vos avis Epilweb et questions sur la boutique et ses produits d'\u00e9pilation, de massage, de fonctionnement. On fera notre possible pour vous aider en r\u00e9pondant\",\"breadcrumb\":{\"@id\":\"https:\\\/\\\/epilweb.com\\\/blog\\\/livraison\\\/#breadcrumb\"},\"inLanguage\":\"fr-FR\",\"potentialAction\":[{\"@type\":\"ReadAction\",\"target\":[\"https:\\\/\\\/epilweb.com\\\/blog\\\/livraison\\\/\"]}]},{\"@type\":\"BreadcrumbList\",\"@id\":\"https:\\\/\\\/epilweb.com\\\/blog\\\/livraison\\\/#breadcrumb\",\"itemListElement\":[{\"@type\":\"ListItem\",\"position\":1,\"name\":\"Accueil\",\"item\":\"https:\\\/\\\/epilweb.com\\\/blog\\\/\"},{\"@type\":\"ListItem\",\"position\":2,\"name\":\"Les questions :\"}]},{\"@type\":\"WebSite\",\"@id\":\"https:\\\/\\\/epilweb.com\\\/blog\\\/#website\",\"url\":\"https:\\\/\\\/epilweb.com\\\/blog\\\/\",\"name\":\"Epilweb blog\",\"description\":\"Parlons des produits de la boutique Epilweb\",\"publisher\":{\"@id\":\"https:\\\/\\\/epilweb.com\\\/blog\\\/#organization\"},\"potentialAction\":[{\"@type\":\"SearchAction\",\"target\":{\"@type\":\"EntryPoint\",\"urlTemplate\":\"https:\\\/\\\/epilweb.com\\\/blog\\\/?s={search_term_string}\"},\"query-input\":{\"@type\":\"PropertyValueSpecification\",\"valueRequired\":true,\"valueName\":\"search_term_string\"}}],\"inLanguage\":\"fr-FR\"},{\"@type\":\"Organization\",\"@id\":\"https:\\\/\\\/epilweb.com\\\/blog\\\/#organization\",\"name\":\"Epilweb\",\"url\":\"https:\\\/\\\/epilweb.com\\\/blog\\\/\",\"logo\":{\"@type\":\"ImageObject\",\"inLanguage\":\"fr-FR\",\"@id\":\"https:\\\/\\\/epilweb.com\\\/blog\\\/#\\\/schema\\\/logo\\\/image\\\/\",\"url\":\"https:\\\/\\\/epilweb.com\\\/blog\\\/wp-content\\\/uploads\\\/2014\\\/04\\\/4-perles.jpg\",\"contentUrl\":\"https:\\\/\\\/epilweb.com\\\/blog\\\/wp-content\\\/uploads\\\/2014\\\/04\\\/4-perles.jpg\",\"width\":3264,\"height\":1603,\"caption\":\"Epilweb\"},\"image\":{\"@id\":\"https:\\\/\\\/epilweb.com\\\/blog\\\/#\\\/schema\\\/logo\\\/image\\\/\"},\"sameAs\":[\"https:\\\/\\\/www.facebook.com\\\/epilweb\",\"https:\\\/\\\/fr.pinterest.com\\\/epilweb\"]}]}<\/script>\n<!-- \/ Yoast SEO plugin. -->","yoast_head_json":{"title":"Question & Avis Epilweb. Mieux vaut parler boutique que du mal du voisin","description":"Vos avis Epilweb et questions sur la boutique et ses produits d'\u00e9pilation, de massage, de fonctionnement. On fera notre possible pour vous aider en r\u00e9pondant","robots":{"index":"index","follow":"follow","max-snippet":"max-snippet:-1","max-image-preview":"max-image-preview:large","max-video-preview":"max-video-preview:-1"},"canonical":"https:\/\/epilweb.com\/blog\/livraison\/","og_locale":"fr_FR","og_type":"article","og_title":"Question & Avis Epilweb. Mieux vaut parler boutique que du mal du voisin","og_description":"Vos avis Epilweb et questions sur la boutique et ses produits d'\u00e9pilation, de massage, de fonctionnement. On fera notre possible pour vous aider en r\u00e9pondant","og_url":"https:\/\/epilweb.com\/blog\/livraison\/","og_site_name":"Epilweb blog","article_publisher":"https:\/\/www.facebook.com\/epilweb","article_modified_time":"2018-02-01T14:17:56+00:00","twitter_misc":{"Dur\u00e9e de lecture estim\u00e9e":"3 minutes"},"schema":{"@context":"https:\/\/schema.org","@graph":[{"@type":"WebPage","@id":"https:\/\/epilweb.com\/blog\/livraison\/","url":"https:\/\/epilweb.com\/blog\/livraison\/","name":"Question & Avis Epilweb. Mieux vaut parler boutique que du mal du voisin","isPartOf":{"@id":"https:\/\/epilweb.com\/blog\/#website"},"datePublished":"2013-12-21T18:58:20+00:00","dateModified":"2018-02-01T14:17:56+00:00","description":"Vos avis Epilweb et questions sur la boutique et ses produits d'\u00e9pilation, de massage, de fonctionnement. On fera notre possible pour vous aider en r\u00e9pondant","breadcrumb":{"@id":"https:\/\/epilweb.com\/blog\/livraison\/#breadcrumb"},"inLanguage":"fr-FR","potentialAction":[{"@type":"ReadAction","target":["https:\/\/epilweb.com\/blog\/livraison\/"]}]},{"@type":"BreadcrumbList","@id":"https:\/\/epilweb.com\/blog\/livraison\/#breadcrumb","itemListElement":[{"@type":"ListItem","position":1,"name":"Accueil","item":"https:\/\/epilweb.com\/blog\/"},{"@type":"ListItem","position":2,"name":"Les questions :"}]},{"@type":"WebSite","@id":"https:\/\/epilweb.com\/blog\/#website","url":"https:\/\/epilweb.com\/blog\/","name":"Epilweb blog","description":"Parlons des produits de la boutique Epilweb","publisher":{"@id":"https:\/\/epilweb.com\/blog\/#organization"},"potentialAction":[{"@type":"SearchAction","target":{"@type":"EntryPoint","urlTemplate":"https:\/\/epilweb.com\/blog\/?s={search_term_string}"},"query-input":{"@type":"PropertyValueSpecification","valueRequired":true,"valueName":"search_term_string"}}],"inLanguage":"fr-FR"},{"@type":"Organization","@id":"https:\/\/epilweb.com\/blog\/#organization","name":"Epilweb","url":"https:\/\/epilweb.com\/blog\/","logo":{"@type":"ImageObject","inLanguage":"fr-FR","@id":"https:\/\/epilweb.com\/blog\/#\/schema\/logo\/image\/","url":"https:\/\/epilweb.com\/blog\/wp-content\/uploads\/2014\/04\/4-perles.jpg","contentUrl":"https:\/\/epilweb.com\/blog\/wp-content\/uploads\/2014\/04\/4-perles.jpg","width":3264,"height":1603,"caption":"Epilweb"},"image":{"@id":"https:\/\/epilweb.com\/blog\/#\/schema\/logo\/image\/"},"sameAs":["https:\/\/www.facebook.com\/epilweb","https:\/\/fr.pinterest.com\/epilweb"]}]}},"_links":{"self":[{"href":"https:\/\/epilweb.com\/blog\/wp-json\/wp\/v2\/pages\/9","targetHints":{"allow":["GET"]}}],"collection":[{"href":"https:\/\/epilweb.com\/blog\/wp-json\/wp\/v2\/pages"}],"about":[{"href":"https:\/\/epilweb.com\/blog\/wp-json\/wp\/v2\/types\/page"}],"author":[{"embeddable":true,"href":"https:\/\/epilweb.com\/blog\/wp-json\/wp\/v2\/users\/1"}],"replies":[{"embeddable":true,"href":"https:\/\/epilweb.com\/blog\/wp-json\/wp\/v2\/comments?post=9"}],"version-history":[{"count":22,"href":"https:\/\/epilweb.com\/blog\/wp-json\/wp\/v2\/pages\/9\/revisions"}],"predecessor-version":[{"id":1108,"href":"https:\/\/epilweb.com\/blog\/wp-json\/wp\/v2\/pages\/9\/revisions\/1108"}],"wp:attachment":[{"href":"https:\/\/epilweb.com\/blog\/wp-json\/wp\/v2\/media?parent=9"}],"curies":[{"name":"wp","href":"https:\/\/api.w.org\/{rel}","templated":true}]}}