{"id":760,"date":"2014-08-02T15:53:33","date_gmt":"2014-08-02T14:53:33","guid":{"rendered":"http:\/\/epilweb.com\/blog\/?page_id=760"},"modified":"2025-01-06T19:23:42","modified_gmt":"2025-01-06T18:23:42","slug":"localisation","status":"publish","type":"page","link":"https:\/\/epilweb.com\/blog\/contact\/localisation\/","title":{"rendered":"Localisation"},"content":{"rendered":"<p><a title=\"Acheter cire \u00e0 \u00e9piler, huile de massage, gros volume\" href=\"https:\/\/epilweb.com\">Boutique<\/a> proposant principalement des cires \u00e0 \u00e9piler et huiles de massage pour instituts, spa, salon bien \u00eatre, beaut\u00e9.<\/p>\n<div class=\"wpgmza-store-locator wpgmza_sl_main_div\" data-id=\"1\">\r\n\t<div class=\"wpgmza-address-container wpgmza-form-field wpgmza_sl_query_div wpgmza-clearfix\">\r\n\t\t<label class=\"wpgmza-address wpgmza-form-field__label wpgmza-form-field__label--float\" data-name=\"addressLabel\" for=\"addressInput\">Code postal\/adresse\u00a0:<\/label>\r\n\t\t<input class=\"wpgmza-address\" type=\"text\" placeholder=\"Entrez un emplacement\" autocomplete=\"off\" data-name=\"defaultAddress\" value=\"\" id=\"addressInput\" size=\"20\">\r\n\t<\/div>\r\n\t\r\n\t<div class=\"wpgmza-radius-container wpgmza-form-field wpgmza_sl_radius_div wpgmza-clearfix\">\r\n\t\t<label class=\"wpgmza-radius wpgmza-form-field__label wpgmza-form-field__label--float\" for=\"radiusSelect\">\r\n\t\t\tRayon:\t\t<\/label>\r\n\t\t<select class=\"wpgmza-radius wpgmza-form-field__input wpgmza_sl_radius_select\" id=\"radiusSelect\"><option class=\"wpgmza-radius wpgmza_sl_select_option\" value=\"1\">1mi<\/option><option class=\"wpgmza-radius wpgmza_sl_select_option\" value=\"5\">5mi<\/option><option class=\"wpgmza-radius wpgmza_sl_select_option\" value=\"10\" selected>10mi<\/option><option class=\"wpgmza-radius wpgmza_sl_select_option\" value=\"25\">25mi<\/option><option class=\"wpgmza-radius wpgmza_sl_select_option\" value=\"50\">50mi<\/option><option class=\"wpgmza-radius wpgmza_sl_select_option\" value=\"75\">75mi<\/option><option class=\"wpgmza-radius wpgmza_sl_select_option\" value=\"100\">100mi<\/option><option class=\"wpgmza-radius wpgmza_sl_select_option\" value=\"150\">150mi<\/option><option class=\"wpgmza-radius wpgmza_sl_select_option\" value=\"200\">200mi<\/option><option class=\"wpgmza-radius wpgmza_sl_select_option\" value=\"300\">300mi<\/option><\/select>\r\n\t<\/div>\r\n\t\r\n\t<input class=\"wpgmza-search wpgmza_sl_search_button wpgmza_sl_search_button_1\" value=\"Recherche\" type=\"button\" onclick=\"searchLocations(1)\">\r\n\t\r\n\t<div class=\"wpgmza-no-results wpgmza-not-found-msg js-not-found-msg\" style=\"display: none;\">\r\n\t\t<p data-name=\"notFoundMessage\">Aucun r\u00e9sultat trouv\u00e9 \u00e0 cet endroit. Veuillez r\u00e9essayer.<\/p>\r\n\t<\/div>\r\n<\/div><div id=\"wpgmza_map\" class=\"wpgmza_map\" data-settings='{\"id\":\"1\",\"map_title\":\"My first map\",\"map_width\":\"100\",\"map_height\":\"400\",\"map_start_lat\":\"48.387096\",\"map_start_lng\":\"0.946228\",\"map_start_location\":\"48.38709640120434,0.9462275894534056\",\"map_start_zoom\":\"9\",\"default_marker\":\"0\",\"type\":\"1\",\"alignment\":\"1\",\"directions_enabled\":\"1\",\"styling_enabled\":\"0\",\"styling_json\":\"\",\"active\":\"0\",\"kml\":\"\",\"bicycle\":\"0\",\"traffic\":\"0\",\"dbox\":\"1\",\"dbox_width\":\"250\",\"listmarkers\":\"0\",\"listmarkers_advanced\":\"0\",\"filterbycat\":\"0\",\"ugm_enabled\":\"0\",\"ugm_category_enabled\":\"0\",\"fusion\":\"\",\"map_width_type\":\"%\",\"map_height_type\":\"px\",\"mass_marker_support\":\"1\",\"ugm_access\":\"0\",\"order_markers_by\":\"0\",\"order_markers_choice\":\"0\",\"show_user_location\":\"0\",\"default_to\":\"\",\"other_settings\":{\"store_locator_enabled\":true,\"store_locator_distance\":true,\"store_locator_query_string\":\"\",\"weather_layer\":2,\"weather_layer_temp_type\":1,\"cloud_layer\":2,\"transport_layer\":false,\"action\":\"wpgmza_save_map\",\"redirect_to\":\"\\\/blog\\\/wp-admin\\\/admin-post.php\",\"map_id\":\"1\",\"http_referer\":\"\\\/blog\\\/wp-admin\\\/admin.php?page=wp-google-maps-menu&amp;amp;action=edit&amp;amp;map_id=1\",\"wpgmza_id\":\"1\",\"wpgmza_start_location\":\"\",\"wpgmza_start_zoom\":\"4\",\"wpgmza_theme_data\":\"\",\"store_locator_search_area\":\"radial\",\"wpgmza_store_locator_radius_style\":\"legacy\",\"wpgmza_store_locator_default_radius\":\"10\",\"store_locator_auto_area_max_zoom\":\"\",\"wpgmza_store_locator_position\":false,\"store_locator_show_distance\":false,\"store_locator_category\":false,\"wpgmza_store_locator_use_their_location\":false,\"wpgmza_store_locator_bounce\":false,\"wpgmza_sl_animation\":null,\"wpgmza_store_locator_hide_before_search\":false,\"store_locator_location_placeholder\":\"\",\"store_locator_default_address\":\"\",\"store_locator_name_search\":false,\"store_locator_name_string\":\"\",\"store_locator_not_found_message\":\"\",\"sl_stroke_color\":\"\",\"sl_stroke_opacity\":\"\",\"sl_fill_color\":\"\",\"sl_fill_opacity\":\"\",\"wpgmza_map_align\":\"1\",\"jump_to_nearest_marker_on_initialization\":false,\"automatically_pan_to_users_location\":false,\"override_users_location_zoom_level\":false,\"override_users_location_zoom_levels\":\"\",\"show_distance_from_location\":false,\"map_max_zoom\":\"21\",\"map_min_zoom\":\"0\",\"click_open_link\":false,\"fit_maps_bounds_to_markers\":false,\"fit_maps_bounds_to_markers_after_filtering\":false,\"hide_point_of_interest\":false,\"wpgmza_zoom_on_marker_click\":false,\"wpgmza_zoom_on_marker_click_slider\":\"\",\"close_infowindow_on_map_click\":false,\"disable_lightbox_images\":false,\"use_Raw_Jpeg_Coordinates\":false,\"polygon_labels\":false,\"disable_polygon_info_windows\":false,\"enable_marker_ratings\":false,\"enable_marker_labels\":false,\"only_load_markers_within_viewport\":false,\"zoom_level_mobile_override_enabled\":false,\"zoom_level_mobile_override\":\"\",\"iw_primary_color\":\"#000000\",\"iw_accent_color\":\"#000000\",\"iw_text_color\":\"#000000\",\"wpgmza_listmarkers_by\":\"0\",\"wpgmza_marker_listing_position\":false,\"wpgmza_push_in_map\":false,\"wpgmza_push_in_map_placement\":null,\"wpgmza_push_in_map_width\":\"\",\"wpgmza_push_in_map_height\":\"\",\"zoom_level_on_marker_listing_override\":false,\"zoom_level_on_marker_listing_click\":\"\",\"marker_listing_disable_zoom\":false,\"datatable_no_result_message\":\"\",\"remove_search_box_datables\":false,\"dataTable_pagination_style\":null,\"datatable_search_string\":\"\",\"datatable_result_start\":\"\",\"datatable_result_of\":\"\",\"datatable_result_to\":\"\",\"datatable_result_total\":\"\",\"datatable_result_show\":\"\",\"datatable_result_entries\":\"\",\"wpgmza_savemap\":\"Enregistrer la carte \\u00bb\"}}' data-map-id='1' Data-maps-engine='' data-shortcode-attributes='{\"id\":\"1\"}' style=\"display:block; overflow:auto; width:100%; height:400px; float:left;\"><\/div>\n<p>&nbsp;<\/p>\n<h2>Adresse<\/h2>\n<p>Cleodis Lda<br \/>\nEN 109, Doroana Park-Arm 9<br \/>\n2415-175 Regueira de Pontes<br \/>\nPortugal<\/p>\n<p>T\u00e9l : 33 (0)7.88.09.79.75 +351964281595<\/p>\n\n<div class=\"wpcf7 no-js\" id=\"wpcf7-f156-o1\" lang=\"fr-FR\" dir=\"ltr\" data-wpcf7-id=\"156\">\n<div class=\"screen-reader-response\"><p role=\"status\" aria-live=\"polite\" aria-atomic=\"true\"><\/p> <ul><\/ul><\/div>\n<form action=\"\/blog\/wp-json\/wp\/v2\/pages\/760#wpcf7-f156-o1\" method=\"post\" class=\"wpcf7-form init\" aria-label=\"Formulaire de contact\" novalidate=\"novalidate\" data-status=\"init\">\n<fieldset class=\"hidden-fields-container\"><input type=\"hidden\" name=\"_wpcf7\" value=\"156\" \/><input type=\"hidden\" name=\"_wpcf7_version\" value=\"6.1.5\" \/><input type=\"hidden\" name=\"_wpcf7_locale\" value=\"fr_FR\" \/><input type=\"hidden\" name=\"_wpcf7_unit_tag\" value=\"wpcf7-f156-o1\" \/><input type=\"hidden\" name=\"_wpcf7_container_post\" value=\"0\" \/><input type=\"hidden\" name=\"_wpcf7_posted_data_hash\" value=\"\" \/><input type=\"hidden\" name=\"_wpcf7_recaptcha_response\" value=\"\" \/>\n<\/fieldset>\n<p>Votre nom (obligatoire)\n<\/p>\n<p><span class=\"wpcf7-form-control-wrap\" data-name=\"your-name\"><input size=\"40\" maxlength=\"400\" class=\"wpcf7-form-control wpcf7-text wpcf7-validates-as-required\" aria-required=\"true\" aria-invalid=\"false\" value=\"\" type=\"text\" name=\"your-name\" \/><\/span>\n<\/p>\n<p>Votre email (obligatoire)\n<\/p>\n<p><span class=\"wpcf7-form-control-wrap\" data-name=\"your-email\"><input size=\"40\" maxlength=\"400\" class=\"wpcf7-form-control wpcf7-email wpcf7-validates-as-required wpcf7-text wpcf7-validates-as-email\" aria-required=\"true\" aria-invalid=\"false\" value=\"\" type=\"email\" name=\"your-email\" \/><\/span>\n<\/p>\n<p>Sujet\n<\/p>\n<p><span class=\"wpcf7-form-control-wrap\" data-name=\"your-subject\"><input size=\"40\" maxlength=\"400\" class=\"wpcf7-form-control wpcf7-text\" aria-invalid=\"false\" value=\"\" type=\"text\" name=\"your-subject\" \/><\/span>\n<\/p>\n<p>Votre message\n<\/p>\n<p><span class=\"wpcf7-form-control-wrap\" data-name=\"your-message\"><textarea cols=\"40\" rows=\"10\" maxlength=\"2000\" class=\"wpcf7-form-control wpcf7-textarea\" aria-invalid=\"false\" name=\"your-message\"><\/textarea><\/span>\n<\/p>\n<p><input class=\"wpcf7-form-control wpcf7-submit has-spinner\" type=\"submit\" value=\"Envoyer\" \/>\n<\/p>\n<p>\n<span class=\"wpcf7-form-control-wrap recaptcha\" data-name=\"recaptcha\"><span data-sitekey=\"6LdLhJYUAAAAAETKdvBojBezg0dU_vhY-zMhLTDC\" class=\"wpcf7-form-control wpcf7-recaptcha g-recaptcha\"><\/span>\r\n<noscript>\r\n\t<div class=\"grecaptcha-noscript\">\r\n\t\t<iframe loading=\"lazy\" src=\"https:\/\/www.google.com\/recaptcha\/api\/fallback?k=6LdLhJYUAAAAAETKdvBojBezg0dU_vhY-zMhLTDC\" frameborder=\"0\" scrolling=\"no\" width=\"310\" height=\"430\">\r\n\t\t<\/iframe>\r\n\t\t<textarea name=\"g-recaptcha-response\" rows=\"3\" cols=\"40\" placeholder=\"reCaptcha Response Here\">\r\n\t\t<\/textarea>\r\n\t<\/div>\r\n<\/noscript>\r\n<\/span>\n<\/p><div class=\"wpcf7-response-output\" aria-hidden=\"true\"><\/div>\n<\/form>\n<\/div>\n\n<p>Vous avez des questions sur les produits, vous souhaitez avoir un devis pour achat en gros volumes, de cires \u00e0 \u00e9piler ou huiles de massage, contactez nous.<\/p>\n<p>Vous \u00eates un particulier utilisez la boutique pour vos commandes. Il y a un port \u00e0 payer mais ce sera quand m\u00eame plus \u00e9conomique que de vous d\u00e9placer, \u00e0 moins d&rsquo;habiter vraiment \u00e0 proximit\u00e9.<\/p>\n","protected":false},"excerpt":{"rendered":"<p>Boutique proposant principalement des cires \u00e0 \u00e9piler et huiles de massage pour instituts, spa, salon bien \u00eatre, beaut\u00e9. &nbsp; Adresse Cleodis Lda EN 109, Doroana Park-Arm 9 2415-175 Regueira de Pontes Portugal T\u00e9l : 33 (0)7.88.09.79.75 +351964281595 Vous avez des questions sur les produits, vous souhaitez avoir un devis pour achat en gros volumes, de &hellip; <a href=\"https:\/\/epilweb.com\/blog\/contact\/localisation\/\" class=\"more-link\">Continuer la lecture de <span class=\"screen-reader-text\">Localisation<\/span> <span class=\"meta-nav\">&rarr;<\/span><\/a><\/p>\n","protected":false},"author":1,"featured_media":0,"parent":11,"menu_order":1,"comment_status":"closed","ping_status":"closed","template":"","meta":{"footnotes":""},"class_list":["post-760","page","type-page","status-publish","hentry"],"yoast_head":"<!-- This site is optimized with the Yoast SEO plugin v27.5 - https:\/\/yoast.com\/product\/yoast-seo-wordpress\/ -->\n<title>Achat cire \u00e0 \u00e9piler en gros volumes professionnels<\/title>\n<meta name=\"description\" content=\"Achat cire \u00e0 \u00e9piler et huile de massage en cartons et palettes pour les grossistes en \u00e9pilation, esth\u00e9tiques, bien \u00eatre. Produits \u00e9pilations et massages\" \/>\n<meta name=\"robots\" content=\"index, follow, max-snippet:-1, max-image-preview:large, max-video-preview:-1\" \/>\n<link rel=\"canonical\" href=\"https:\/\/epilweb.com\/blog\/contact\/localisation\/\" \/>\n<meta property=\"og:locale\" content=\"fr_FR\" \/>\n<meta property=\"og:type\" content=\"article\" \/>\n<meta property=\"og:title\" content=\"Achat cire \u00e0 \u00e9piler en gros volumes professionnels\" \/>\n<meta property=\"og:description\" content=\"Achat cire \u00e0 \u00e9piler et huile de massage en cartons et palettes pour les grossistes en \u00e9pilation, esth\u00e9tiques, bien \u00eatre. Produits \u00e9pilations et massages\" \/>\n<meta property=\"og:url\" content=\"https:\/\/epilweb.com\/blog\/contact\/localisation\/\" \/>\n<meta property=\"og:site_name\" content=\"Epilweb blog\" \/>\n<meta property=\"article:publisher\" content=\"https:\/\/www.facebook.com\/epilweb\" \/>\n<meta property=\"article:modified_time\" content=\"2025-01-06T18:23:42+00:00\" \/>\n<meta name=\"twitter:label1\" content=\"Dur\u00e9e de lecture estim\u00e9e\" \/>\n\t<meta name=\"twitter:data1\" content=\"1 minute\" \/>\n<script type=\"application\/ld+json\" class=\"yoast-schema-graph\">{\"@context\":\"https:\\\/\\\/schema.org\",\"@graph\":[{\"@type\":\"WebPage\",\"@id\":\"https:\\\/\\\/epilweb.com\\\/blog\\\/contact\\\/localisation\\\/\",\"url\":\"https:\\\/\\\/epilweb.com\\\/blog\\\/contact\\\/localisation\\\/\",\"name\":\"Achat cire \u00e0 \u00e9piler en gros volumes professionnels\",\"isPartOf\":{\"@id\":\"https:\\\/\\\/epilweb.com\\\/blog\\\/#website\"},\"datePublished\":\"2014-08-02T14:53:33+00:00\",\"dateModified\":\"2025-01-06T18:23:42+00:00\",\"description\":\"Achat cire \u00e0 \u00e9piler et huile de massage en cartons et palettes pour les grossistes en \u00e9pilation, esth\u00e9tiques, bien \u00eatre. Produits \u00e9pilations et massages\",\"breadcrumb\":{\"@id\":\"https:\\\/\\\/epilweb.com\\\/blog\\\/contact\\\/localisation\\\/#breadcrumb\"},\"inLanguage\":\"fr-FR\",\"potentialAction\":[{\"@type\":\"ReadAction\",\"target\":[\"https:\\\/\\\/epilweb.com\\\/blog\\\/contact\\\/localisation\\\/\"]}]},{\"@type\":\"BreadcrumbList\",\"@id\":\"https:\\\/\\\/epilweb.com\\\/blog\\\/contact\\\/localisation\\\/#breadcrumb\",\"itemListElement\":[{\"@type\":\"ListItem\",\"position\":1,\"name\":\"Accueil\",\"item\":\"https:\\\/\\\/epilweb.com\\\/blog\\\/\"},{\"@type\":\"ListItem\",\"position\":2,\"name\":\"Contact\",\"item\":\"https:\\\/\\\/epilweb.com\\\/blog\\\/contact\\\/\"},{\"@type\":\"ListItem\",\"position\":3,\"name\":\"Localisation\"}]},{\"@type\":\"WebSite\",\"@id\":\"https:\\\/\\\/epilweb.com\\\/blog\\\/#website\",\"url\":\"https:\\\/\\\/epilweb.com\\\/blog\\\/\",\"name\":\"Epilweb blog\",\"description\":\"Parlons des produits de la boutique Epilweb\",\"publisher\":{\"@id\":\"https:\\\/\\\/epilweb.com\\\/blog\\\/#organization\"},\"potentialAction\":[{\"@type\":\"SearchAction\",\"target\":{\"@type\":\"EntryPoint\",\"urlTemplate\":\"https:\\\/\\\/epilweb.com\\\/blog\\\/?s={search_term_string}\"},\"query-input\":{\"@type\":\"PropertyValueSpecification\",\"valueRequired\":true,\"valueName\":\"search_term_string\"}}],\"inLanguage\":\"fr-FR\"},{\"@type\":\"Organization\",\"@id\":\"https:\\\/\\\/epilweb.com\\\/blog\\\/#organization\",\"name\":\"Epilweb\",\"url\":\"https:\\\/\\\/epilweb.com\\\/blog\\\/\",\"logo\":{\"@type\":\"ImageObject\",\"inLanguage\":\"fr-FR\",\"@id\":\"https:\\\/\\\/epilweb.com\\\/blog\\\/#\\\/schema\\\/logo\\\/image\\\/\",\"url\":\"https:\\\/\\\/epilweb.com\\\/blog\\\/wp-content\\\/uploads\\\/2014\\\/04\\\/4-perles.jpg\",\"contentUrl\":\"https:\\\/\\\/epilweb.com\\\/blog\\\/wp-content\\\/uploads\\\/2014\\\/04\\\/4-perles.jpg\",\"width\":3264,\"height\":1603,\"caption\":\"Epilweb\"},\"image\":{\"@id\":\"https:\\\/\\\/epilweb.com\\\/blog\\\/#\\\/schema\\\/logo\\\/image\\\/\"},\"sameAs\":[\"https:\\\/\\\/www.facebook.com\\\/epilweb\",\"https:\\\/\\\/fr.pinterest.com\\\/epilweb\"]}]}<\/script>\n<!-- \/ Yoast SEO plugin. -->","yoast_head_json":{"title":"Achat cire \u00e0 \u00e9piler en gros volumes professionnels","description":"Achat cire \u00e0 \u00e9piler et huile de massage en cartons et palettes pour les grossistes en \u00e9pilation, esth\u00e9tiques, bien \u00eatre. Produits \u00e9pilations et massages","robots":{"index":"index","follow":"follow","max-snippet":"max-snippet:-1","max-image-preview":"max-image-preview:large","max-video-preview":"max-video-preview:-1"},"canonical":"https:\/\/epilweb.com\/blog\/contact\/localisation\/","og_locale":"fr_FR","og_type":"article","og_title":"Achat cire \u00e0 \u00e9piler en gros volumes professionnels","og_description":"Achat cire \u00e0 \u00e9piler et huile de massage en cartons et palettes pour les grossistes en \u00e9pilation, esth\u00e9tiques, bien \u00eatre. Produits \u00e9pilations et massages","og_url":"https:\/\/epilweb.com\/blog\/contact\/localisation\/","og_site_name":"Epilweb blog","article_publisher":"https:\/\/www.facebook.com\/epilweb","article_modified_time":"2025-01-06T18:23:42+00:00","twitter_misc":{"Dur\u00e9e de lecture estim\u00e9e":"1 minute"},"schema":{"@context":"https:\/\/schema.org","@graph":[{"@type":"WebPage","@id":"https:\/\/epilweb.com\/blog\/contact\/localisation\/","url":"https:\/\/epilweb.com\/blog\/contact\/localisation\/","name":"Achat cire \u00e0 \u00e9piler en gros volumes professionnels","isPartOf":{"@id":"https:\/\/epilweb.com\/blog\/#website"},"datePublished":"2014-08-02T14:53:33+00:00","dateModified":"2025-01-06T18:23:42+00:00","description":"Achat cire \u00e0 \u00e9piler et huile de massage en cartons et palettes pour les grossistes en \u00e9pilation, esth\u00e9tiques, bien \u00eatre. Produits \u00e9pilations et massages","breadcrumb":{"@id":"https:\/\/epilweb.com\/blog\/contact\/localisation\/#breadcrumb"},"inLanguage":"fr-FR","potentialAction":[{"@type":"ReadAction","target":["https:\/\/epilweb.com\/blog\/contact\/localisation\/"]}]},{"@type":"BreadcrumbList","@id":"https:\/\/epilweb.com\/blog\/contact\/localisation\/#breadcrumb","itemListElement":[{"@type":"ListItem","position":1,"name":"Accueil","item":"https:\/\/epilweb.com\/blog\/"},{"@type":"ListItem","position":2,"name":"Contact","item":"https:\/\/epilweb.com\/blog\/contact\/"},{"@type":"ListItem","position":3,"name":"Localisation"}]},{"@type":"WebSite","@id":"https:\/\/epilweb.com\/blog\/#website","url":"https:\/\/epilweb.com\/blog\/","name":"Epilweb blog","description":"Parlons des produits de la boutique Epilweb","publisher":{"@id":"https:\/\/epilweb.com\/blog\/#organization"},"potentialAction":[{"@type":"SearchAction","target":{"@type":"EntryPoint","urlTemplate":"https:\/\/epilweb.com\/blog\/?s={search_term_string}"},"query-input":{"@type":"PropertyValueSpecification","valueRequired":true,"valueName":"search_term_string"}}],"inLanguage":"fr-FR"},{"@type":"Organization","@id":"https:\/\/epilweb.com\/blog\/#organization","name":"Epilweb","url":"https:\/\/epilweb.com\/blog\/","logo":{"@type":"ImageObject","inLanguage":"fr-FR","@id":"https:\/\/epilweb.com\/blog\/#\/schema\/logo\/image\/","url":"https:\/\/epilweb.com\/blog\/wp-content\/uploads\/2014\/04\/4-perles.jpg","contentUrl":"https:\/\/epilweb.com\/blog\/wp-content\/uploads\/2014\/04\/4-perles.jpg","width":3264,"height":1603,"caption":"Epilweb"},"image":{"@id":"https:\/\/epilweb.com\/blog\/#\/schema\/logo\/image\/"},"sameAs":["https:\/\/www.facebook.com\/epilweb","https:\/\/fr.pinterest.com\/epilweb"]}]}},"_links":{"self":[{"href":"https:\/\/epilweb.com\/blog\/wp-json\/wp\/v2\/pages\/760","targetHints":{"allow":["GET"]}}],"collection":[{"href":"https:\/\/epilweb.com\/blog\/wp-json\/wp\/v2\/pages"}],"about":[{"href":"https:\/\/epilweb.com\/blog\/wp-json\/wp\/v2\/types\/page"}],"author":[{"embeddable":true,"href":"https:\/\/epilweb.com\/blog\/wp-json\/wp\/v2\/users\/1"}],"replies":[{"embeddable":true,"href":"https:\/\/epilweb.com\/blog\/wp-json\/wp\/v2\/comments?post=760"}],"version-history":[{"count":11,"href":"https:\/\/epilweb.com\/blog\/wp-json\/wp\/v2\/pages\/760\/revisions"}],"predecessor-version":[{"id":2218,"href":"https:\/\/epilweb.com\/blog\/wp-json\/wp\/v2\/pages\/760\/revisions\/2218"}],"up":[{"embeddable":true,"href":"https:\/\/epilweb.com\/blog\/wp-json\/wp\/v2\/pages\/11"}],"wp:attachment":[{"href":"https:\/\/epilweb.com\/blog\/wp-json\/wp\/v2\/media?parent=760"}],"curies":[{"name":"wp","href":"https:\/\/api.w.org\/{rel}","templated":true}]}}