{"id":7,"date":"2013-12-21T19:57:57","date_gmt":"2013-12-21T18:57:57","guid":{"rendered":"http:\/\/epilweb.com\/blog\/?page_id=7"},"modified":"2018-01-24T16:36:52","modified_gmt":"2018-01-24T15:36:52","slug":"massage","status":"publish","type":"page","link":"https:\/\/epilweb.com\/blog\/massage\/","title":{"rendered":"Massage"},"content":{"rendered":"<p>Il existe plusieurs types d&rsquo;huile dans la boutique pour vos massages.<\/p>\n<h2>L&rsquo;huile chaude<\/h2>\n<figure id=\"attachment_236\" aria-describedby=\"caption-attachment-236\" style=\"width: 300px\" class=\"wp-caption alignnone\"><a href=\"https:\/\/epilweb.com\/78-huile-chaude-massage-parfumee\"><img loading=\"lazy\" decoding=\"async\" class=\"wp-image-236 size-medium\" title=\"Des huiles pour le massage chez les professionnels en spa, hammam, salon\" src=\"https:\/\/epilweb.com\/blog\/wp-content\/uploads\/2013\/12\/huile-chaude-300x225.jpg\" alt=\"huile massage chaude flacon 500ml pour professionnels\" width=\"300\" height=\"225\" srcset=\"https:\/\/epilweb.com\/blog\/wp-content\/uploads\/2013\/12\/huile-chaude-300x225.jpg 300w, https:\/\/epilweb.com\/blog\/wp-content\/uploads\/2013\/12\/huile-chaude-1024x768.jpg 1024w\" sizes=\"auto, (max-width: 300px) 100vw, 300px\" \/><\/a><figcaption id=\"caption-attachment-236\" class=\"wp-caption-text\">Des huiles de massage chaudes et parfum\u00e9e<\/figcaption><\/figure>\n<p>La boutique poss\u00e8de une gamme en huile chaude de massage. Ces huiles sont plut\u00f4t destin\u00e9es aux professionnels, en salon, spa, hammam et autres lieux de massage et modelage.<\/p>\n<p>Il existe un chauffe huile pour ces flacons d&rsquo;huile de 500 ml. Ce chauffe huile est le seul appareil existant sur le march\u00e9 du massage. Il est destin\u00e9 \u00e0 recevoir les flacons d&rsquo;huile\u00a0 de la marque Du Temps Pour Soi.<\/p>\n<h2>L&rsquo;huile s\u00e8che<\/h2>\n<figure id=\"attachment_238\" aria-describedby=\"caption-attachment-238\" style=\"width: 300px\" class=\"wp-caption alignnone\"><a href=\"https:\/\/epilweb.com\/79-huiles-de-massage-professionnelles\"><img loading=\"lazy\" decoding=\"async\" class=\"wp-image-238 size-medium\" title=\"Les huiles pour massage en flacon professionnel pour les spas, hammams, salons\" src=\"https:\/\/epilweb.com\/blog\/wp-content\/uploads\/2013\/12\/huile-de-massage-litre-300x163.jpg\" alt=\"huile-de-massage-professionnelle litre\" width=\"300\" height=\"163\" srcset=\"https:\/\/epilweb.com\/blog\/wp-content\/uploads\/2013\/12\/huile-de-massage-litre-300x163.jpg 300w, https:\/\/epilweb.com\/blog\/wp-content\/uploads\/2013\/12\/huile-de-massage-litre-1024x557.jpg 1024w\" sizes=\"auto, (max-width: 300px) 100vw, 300px\" \/><\/a><figcaption id=\"caption-attachment-238\" class=\"wp-caption-text\">Une gamme en huile professionnelle<\/figcaption><\/figure>\n<p>La gamme des huiles s\u00e8ches est conditionn\u00e9e dans diff\u00e9rents r\u00e9cipients de 200, 500 ml, litre et 5 litres<\/p>\n<h2>Les bougies de massage<\/h2>\n<figure id=\"attachment_239\" aria-describedby=\"caption-attachment-239\" style=\"width: 300px\" class=\"wp-caption alignnone\"><a href=\"https:\/\/epilweb.com\/41-bougie-de-massage-institut\"><img loading=\"lazy\" decoding=\"async\" class=\"wp-image-239 size-medium\" title=\"Une gamme de bougies pour des masage \u00e0 l'huile chaude. Une garantie de qualit\u00e9\" src=\"https:\/\/epilweb.com\/blog\/wp-content\/uploads\/2013\/12\/bougies-de-massage-300x111.jpg\" alt=\"Bougies-de-massage pour les professionnels du massage\" width=\"300\" height=\"111\" srcset=\"https:\/\/epilweb.com\/blog\/wp-content\/uploads\/2013\/12\/bougies-de-massage-300x111.jpg 300w, https:\/\/epilweb.com\/blog\/wp-content\/uploads\/2013\/12\/bougies-de-massage-1024x381.jpg 1024w\" sizes=\"auto, (max-width: 300px) 100vw, 300px\" \/><\/a><figcaption id=\"caption-attachment-239\" class=\"wp-caption-text\">Une gamme de bougie \u00e0 l&rsquo;huile chaude<\/figcaption><\/figure>\n<p>Les bougies \u00e0 l&rsquo;huile chaudes sont conditionn\u00e9es en 2 volumes, dans des pots en verre de 60 et 210 grammes. La fabrication de ces bougies \u00e0 l&rsquo;huile chaude est artisanale. Le stock en place est toujours limit\u00e9. Les principales fabrications sont effectu\u00e9es prioritairement vers les professionnels gros consommateurs.<\/p>\n<p>Les bougies sont d&rsquo;origine naturelle et sont tr\u00e8s appr\u00e9ci\u00e9es de la client\u00e8le utilisatrice.<\/p>\n<p>&nbsp;<\/p>\n<h3>Visiter<a title=\"Le meilleur choix en produits d'\u00e9pilation chez les professionnels en esth\u00e9tique\" href=\"https:\/\/epilweb.com\"> La boutique<\/a><\/h3>\n","protected":false},"excerpt":{"rendered":"<p>Il existe plusieurs types d&rsquo;huile dans la boutique pour vos massages. L&rsquo;huile chaude La boutique poss\u00e8de une gamme en huile chaude de massage. Ces huiles sont plut\u00f4t destin\u00e9es aux professionnels, en salon, spa, hammam et autres lieux de massage et modelage. Il existe un chauffe huile pour ces flacons d&rsquo;huile de 500 ml. Ce chauffe &hellip; <a href=\"https:\/\/epilweb.com\/blog\/massage\/\" class=\"more-link\">Continuer la lecture de <span class=\"screen-reader-text\">Massage<\/span> <span class=\"meta-nav\">&rarr;<\/span><\/a><\/p>\n","protected":false},"author":1,"featured_media":0,"parent":0,"menu_order":2,"comment_status":"closed","ping_status":"closed","template":"","meta":{"footnotes":""},"class_list":["post-7","page","type-page","status-publish","hentry"],"yoast_head":"<!-- This site is optimized with the Yoast SEO plugin v27.6 - https:\/\/yoast.com\/product\/yoast-seo-wordpress\/ -->\n<title>Huile de massage chaude pour les spas, hammams, salons professionnels<\/title>\n<meta name=\"description\" content=\"Une gamme en huile de massage pour les professionnels du bien \u00eatre en salon, spa, hammam. Un grand choix de parfum pour vos clients, un gage de qualit\u00e9\" \/>\n<meta name=\"robots\" content=\"index, follow, max-snippet:-1, max-image-preview:large, max-video-preview:-1\" \/>\n<link rel=\"canonical\" href=\"https:\/\/epilweb.com\/blog\/massage\/\" \/>\n<meta property=\"og:locale\" content=\"fr_FR\" \/>\n<meta property=\"og:type\" content=\"article\" \/>\n<meta property=\"og:title\" content=\"Huile de massage chaude pour les spas, hammams, salons professionnels\" \/>\n<meta property=\"og:description\" content=\"Une gamme en huile de massage pour les professionnels du bien \u00eatre en salon, spa, hammam. Un grand choix de parfum pour vos clients, un gage de qualit\u00e9\" \/>\n<meta property=\"og:url\" content=\"https:\/\/epilweb.com\/blog\/massage\/\" \/>\n<meta property=\"og:site_name\" content=\"Epilweb blog\" \/>\n<meta property=\"article:publisher\" content=\"https:\/\/www.facebook.com\/epilweb\" \/>\n<meta property=\"article:modified_time\" content=\"2018-01-24T15:36:52+00:00\" \/>\n<meta property=\"og:image\" content=\"https:\/\/epilweb.com\/blog\/wp-content\/uploads\/2013\/12\/huile-chaude-300x225.jpg\" \/>\n<meta name=\"twitter:label1\" content=\"Dur\u00e9e de lecture estim\u00e9e\" \/>\n\t<meta name=\"twitter:data1\" content=\"1 minute\" \/>\n<script type=\"application\/ld+json\" class=\"yoast-schema-graph\">{\"@context\":\"https:\\\/\\\/schema.org\",\"@graph\":[{\"@type\":\"WebPage\",\"@id\":\"https:\\\/\\\/epilweb.com\\\/blog\\\/massage\\\/\",\"url\":\"https:\\\/\\\/epilweb.com\\\/blog\\\/massage\\\/\",\"name\":\"Huile de massage chaude pour les spas, hammams, salons professionnels\",\"isPartOf\":{\"@id\":\"https:\\\/\\\/epilweb.com\\\/blog\\\/#website\"},\"primaryImageOfPage\":{\"@id\":\"https:\\\/\\\/epilweb.com\\\/blog\\\/massage\\\/#primaryimage\"},\"image\":{\"@id\":\"https:\\\/\\\/epilweb.com\\\/blog\\\/massage\\\/#primaryimage\"},\"thumbnailUrl\":\"https:\\\/\\\/epilweb.com\\\/blog\\\/wp-content\\\/uploads\\\/2013\\\/12\\\/huile-chaude-300x225.jpg\",\"datePublished\":\"2013-12-21T18:57:57+00:00\",\"dateModified\":\"2018-01-24T15:36:52+00:00\",\"description\":\"Une gamme en huile de massage pour les professionnels du bien \u00eatre en salon, spa, hammam. Un grand choix de parfum pour vos clients, un gage de qualit\u00e9\",\"breadcrumb\":{\"@id\":\"https:\\\/\\\/epilweb.com\\\/blog\\\/massage\\\/#breadcrumb\"},\"inLanguage\":\"fr-FR\",\"potentialAction\":[{\"@type\":\"ReadAction\",\"target\":[\"https:\\\/\\\/epilweb.com\\\/blog\\\/massage\\\/\"]}]},{\"@type\":\"ImageObject\",\"inLanguage\":\"fr-FR\",\"@id\":\"https:\\\/\\\/epilweb.com\\\/blog\\\/massage\\\/#primaryimage\",\"url\":\"https:\\\/\\\/epilweb.com\\\/blog\\\/wp-content\\\/uploads\\\/2013\\\/12\\\/huile-chaude.jpg\",\"contentUrl\":\"https:\\\/\\\/epilweb.com\\\/blog\\\/wp-content\\\/uploads\\\/2013\\\/12\\\/huile-chaude.jpg\",\"width\":3264,\"height\":2448},{\"@type\":\"BreadcrumbList\",\"@id\":\"https:\\\/\\\/epilweb.com\\\/blog\\\/massage\\\/#breadcrumb\",\"itemListElement\":[{\"@type\":\"ListItem\",\"position\":1,\"name\":\"Accueil\",\"item\":\"https:\\\/\\\/epilweb.com\\\/blog\\\/\"},{\"@type\":\"ListItem\",\"position\":2,\"name\":\"Massage\"}]},{\"@type\":\"WebSite\",\"@id\":\"https:\\\/\\\/epilweb.com\\\/blog\\\/#website\",\"url\":\"https:\\\/\\\/epilweb.com\\\/blog\\\/\",\"name\":\"Epilweb blog\",\"description\":\"Parlons des produits de la boutique Epilweb\",\"publisher\":{\"@id\":\"https:\\\/\\\/epilweb.com\\\/blog\\\/#organization\"},\"potentialAction\":[{\"@type\":\"SearchAction\",\"target\":{\"@type\":\"EntryPoint\",\"urlTemplate\":\"https:\\\/\\\/epilweb.com\\\/blog\\\/?s={search_term_string}\"},\"query-input\":{\"@type\":\"PropertyValueSpecification\",\"valueRequired\":true,\"valueName\":\"search_term_string\"}}],\"inLanguage\":\"fr-FR\"},{\"@type\":\"Organization\",\"@id\":\"https:\\\/\\\/epilweb.com\\\/blog\\\/#organization\",\"name\":\"Epilweb\",\"url\":\"https:\\\/\\\/epilweb.com\\\/blog\\\/\",\"logo\":{\"@type\":\"ImageObject\",\"inLanguage\":\"fr-FR\",\"@id\":\"https:\\\/\\\/epilweb.com\\\/blog\\\/#\\\/schema\\\/logo\\\/image\\\/\",\"url\":\"https:\\\/\\\/epilweb.com\\\/blog\\\/wp-content\\\/uploads\\\/2014\\\/04\\\/4-perles.jpg\",\"contentUrl\":\"https:\\\/\\\/epilweb.com\\\/blog\\\/wp-content\\\/uploads\\\/2014\\\/04\\\/4-perles.jpg\",\"width\":3264,\"height\":1603,\"caption\":\"Epilweb\"},\"image\":{\"@id\":\"https:\\\/\\\/epilweb.com\\\/blog\\\/#\\\/schema\\\/logo\\\/image\\\/\"},\"sameAs\":[\"https:\\\/\\\/www.facebook.com\\\/epilweb\",\"https:\\\/\\\/fr.pinterest.com\\\/epilweb\"]}]}<\/script>\n<!-- \/ Yoast SEO plugin. -->","yoast_head_json":{"title":"Huile de massage chaude pour les spas, hammams, salons professionnels","description":"Une gamme en huile de massage pour les professionnels du bien \u00eatre en salon, spa, hammam. Un grand choix de parfum pour vos clients, un gage de qualit\u00e9","robots":{"index":"index","follow":"follow","max-snippet":"max-snippet:-1","max-image-preview":"max-image-preview:large","max-video-preview":"max-video-preview:-1"},"canonical":"https:\/\/epilweb.com\/blog\/massage\/","og_locale":"fr_FR","og_type":"article","og_title":"Huile de massage chaude pour les spas, hammams, salons professionnels","og_description":"Une gamme en huile de massage pour les professionnels du bien \u00eatre en salon, spa, hammam. Un grand choix de parfum pour vos clients, un gage de qualit\u00e9","og_url":"https:\/\/epilweb.com\/blog\/massage\/","og_site_name":"Epilweb blog","article_publisher":"https:\/\/www.facebook.com\/epilweb","article_modified_time":"2018-01-24T15:36:52+00:00","og_image":[{"url":"https:\/\/epilweb.com\/blog\/wp-content\/uploads\/2013\/12\/huile-chaude-300x225.jpg","type":"","width":"","height":""}],"twitter_misc":{"Dur\u00e9e de lecture estim\u00e9e":"1 minute"},"schema":{"@context":"https:\/\/schema.org","@graph":[{"@type":"WebPage","@id":"https:\/\/epilweb.com\/blog\/massage\/","url":"https:\/\/epilweb.com\/blog\/massage\/","name":"Huile de massage chaude pour les spas, hammams, salons professionnels","isPartOf":{"@id":"https:\/\/epilweb.com\/blog\/#website"},"primaryImageOfPage":{"@id":"https:\/\/epilweb.com\/blog\/massage\/#primaryimage"},"image":{"@id":"https:\/\/epilweb.com\/blog\/massage\/#primaryimage"},"thumbnailUrl":"https:\/\/epilweb.com\/blog\/wp-content\/uploads\/2013\/12\/huile-chaude-300x225.jpg","datePublished":"2013-12-21T18:57:57+00:00","dateModified":"2018-01-24T15:36:52+00:00","description":"Une gamme en huile de massage pour les professionnels du bien \u00eatre en salon, spa, hammam. Un grand choix de parfum pour vos clients, un gage de qualit\u00e9","breadcrumb":{"@id":"https:\/\/epilweb.com\/blog\/massage\/#breadcrumb"},"inLanguage":"fr-FR","potentialAction":[{"@type":"ReadAction","target":["https:\/\/epilweb.com\/blog\/massage\/"]}]},{"@type":"ImageObject","inLanguage":"fr-FR","@id":"https:\/\/epilweb.com\/blog\/massage\/#primaryimage","url":"https:\/\/epilweb.com\/blog\/wp-content\/uploads\/2013\/12\/huile-chaude.jpg","contentUrl":"https:\/\/epilweb.com\/blog\/wp-content\/uploads\/2013\/12\/huile-chaude.jpg","width":3264,"height":2448},{"@type":"BreadcrumbList","@id":"https:\/\/epilweb.com\/blog\/massage\/#breadcrumb","itemListElement":[{"@type":"ListItem","position":1,"name":"Accueil","item":"https:\/\/epilweb.com\/blog\/"},{"@type":"ListItem","position":2,"name":"Massage"}]},{"@type":"WebSite","@id":"https:\/\/epilweb.com\/blog\/#website","url":"https:\/\/epilweb.com\/blog\/","name":"Epilweb blog","description":"Parlons des produits de la boutique Epilweb","publisher":{"@id":"https:\/\/epilweb.com\/blog\/#organization"},"potentialAction":[{"@type":"SearchAction","target":{"@type":"EntryPoint","urlTemplate":"https:\/\/epilweb.com\/blog\/?s={search_term_string}"},"query-input":{"@type":"PropertyValueSpecification","valueRequired":true,"valueName":"search_term_string"}}],"inLanguage":"fr-FR"},{"@type":"Organization","@id":"https:\/\/epilweb.com\/blog\/#organization","name":"Epilweb","url":"https:\/\/epilweb.com\/blog\/","logo":{"@type":"ImageObject","inLanguage":"fr-FR","@id":"https:\/\/epilweb.com\/blog\/#\/schema\/logo\/image\/","url":"https:\/\/epilweb.com\/blog\/wp-content\/uploads\/2014\/04\/4-perles.jpg","contentUrl":"https:\/\/epilweb.com\/blog\/wp-content\/uploads\/2014\/04\/4-perles.jpg","width":3264,"height":1603,"caption":"Epilweb"},"image":{"@id":"https:\/\/epilweb.com\/blog\/#\/schema\/logo\/image\/"},"sameAs":["https:\/\/www.facebook.com\/epilweb","https:\/\/fr.pinterest.com\/epilweb"]}]}},"_links":{"self":[{"href":"https:\/\/epilweb.com\/blog\/wp-json\/wp\/v2\/pages\/7","targetHints":{"allow":["GET"]}}],"collection":[{"href":"https:\/\/epilweb.com\/blog\/wp-json\/wp\/v2\/pages"}],"about":[{"href":"https:\/\/epilweb.com\/blog\/wp-json\/wp\/v2\/types\/page"}],"author":[{"embeddable":true,"href":"https:\/\/epilweb.com\/blog\/wp-json\/wp\/v2\/users\/1"}],"replies":[{"embeddable":true,"href":"https:\/\/epilweb.com\/blog\/wp-json\/wp\/v2\/comments?post=7"}],"version-history":[{"count":25,"href":"https:\/\/epilweb.com\/blog\/wp-json\/wp\/v2\/pages\/7\/revisions"}],"predecessor-version":[{"id":1051,"href":"https:\/\/epilweb.com\/blog\/wp-json\/wp\/v2\/pages\/7\/revisions\/1051"}],"wp:attachment":[{"href":"https:\/\/epilweb.com\/blog\/wp-json\/wp\/v2\/media?parent=7"}],"curies":[{"name":"wp","href":"https:\/\/api.w.org\/{rel}","templated":true}]}}