{"id":26,"date":"2013-12-21T20:05:34","date_gmt":"2013-12-21T19:05:34","guid":{"rendered":"http:\/\/epilweb.com\/blog\/?page_id=26"},"modified":"2018-01-30T09:41:57","modified_gmt":"2018-01-30T08:41:57","slug":"cire-pelable-2","status":"publish","type":"page","link":"https:\/\/epilweb.com\/blog\/cire-pelable-2\/","title":{"rendered":"Cire Pelable"},"content":{"rendered":"<p>La <a href=\"https:\/\/epilweb.com\/13-cire-pelable\">cire Pelable<\/a> est une cire \u00e9lastique qui est \u00e9galement appel\u00e9e Fine wax, soft wax, cire \u00e9lastique, cire EVA, cire magique.<\/p>\n<p>Cette cire \u00e0 \u00e9piler est conditionn\u00e9e sous diverses formes, par exemple en perles. Pratique car le temps de pr\u00e9paration est tr\u00e8s rapide.<\/p>\n<figure id=\"attachment_170\" aria-describedby=\"caption-attachment-170\" style=\"width: 300px\" class=\"wp-caption alignnone\"><a href=\"https:\/\/epilweb.com\/87-perles-de-cire-a-epiler-pelable\"><img loading=\"lazy\" decoding=\"async\" class=\"wp-image-170 size-medium\" title=\"La cire pelable conditionn\u00e9e en perles de cire, une cire basse temp\u00e9rature rapide \u00e0 pr\u00e9parer\" src=\"https:\/\/epilweb.com\/blog\/wp-content\/uploads\/2013\/12\/pelable-300x225.jpg\" alt=\"cire pelable, fine wax, soft wax, perles de cire \u00e0 \u00e9piler, cire \u00e9lastique\" width=\"300\" height=\"225\" srcset=\"https:\/\/epilweb.com\/blog\/wp-content\/uploads\/2013\/12\/pelable-300x225.jpg 300w, https:\/\/epilweb.com\/blog\/wp-content\/uploads\/2013\/12\/pelable.jpg 333w\" sizes=\"auto, (max-width: 300px) 100vw, 300px\" \/><\/a><figcaption id=\"caption-attachment-170\" class=\"wp-caption-text\">Quelques exemples de perles de cire<\/figcaption><\/figure>\n<h5>La cire Pelable est la cire \u00e0 \u00e9piler qui poss\u00e8de le plus d&rsquo;avantage.<\/h5>\n<p>C&rsquo;est une cire basse temp\u00e9rature. La cire pelable est la meilleure qui soit pour les \u00e9pilations du maillot et des aisselles.<\/p>\n<p>La cire est \u00e9lastique \u00e0 froid ce qui permet de ne pas stresser au moment de l&rsquo;\u00e9pilation, \u00e0 chercher le bon moment o\u00f9 l&rsquo;on peut arracher la bande de cire. Elle ne cassera pas \u00e0 l&rsquo;arrachage.<\/p>\n<p>La cire pelable s&rsquo;applique en couche fine. \u00c9conomique car vous en \u00e9talerez beaucoup moins.<\/p>\n<p>La cire pelable en perles. De part sa forme, un temps de chauffe tr\u00e8s r\u00e9duit par rapport aux pots ou aux galets.<\/p>\n<p>Une cire utilis\u00e9e par les professionnelles.\u00a0 Pratique, \u00e9conomique, pas stressante, basse temp\u00e9rature, la cire pelable est la cire pr\u00e9f\u00e9r\u00e9e des esth\u00e9ticiennes.<\/p>\n<p>Une grande gamme en cires pelables dans la boutique. Beaucoup de ces cires ne sont pas vendues par les autres boutiques. Fabrications sp\u00e9ciales pour Epilweb, exemple la\u00a0<a title=\"Cire pelable en perles pour \u00e9pilation du maillot\" href=\"https:\/\/epilweb.com\/perles-de-cire-a-epiler-pelable\/395-outre-mer-cire-a-epiler-pelable-1-kg-perles-3700167411813.html\">cire bleue Outremer<\/a><\/p>\n<h3><a title=\"Je cherche une cire qui soit facile \u00e0 utiliser avec une spatule\" href=\"https:\/\/epilweb.com\/13-cire-pelable\">Visitez la BOUTIQUE<\/a><\/h3>\n<p>&nbsp;<\/p>\n","protected":false},"excerpt":{"rendered":"<p>La cire Pelable est une cire \u00e9lastique qui est \u00e9galement appel\u00e9e Fine wax, soft wax, cire \u00e9lastique, cire EVA, cire magique. Cette cire \u00e0 \u00e9piler est conditionn\u00e9e sous diverses formes, par exemple en perles. Pratique car le temps de pr\u00e9paration est tr\u00e8s rapide. La cire Pelable est la cire \u00e0 \u00e9piler qui poss\u00e8de le plus &hellip; <a href=\"https:\/\/epilweb.com\/blog\/cire-pelable-2\/\" class=\"more-link\">Continuer la lecture de <span class=\"screen-reader-text\">Cire Pelable<\/span> <span class=\"meta-nav\">&rarr;<\/span><\/a><\/p>\n","protected":false},"author":1,"featured_media":0,"parent":0,"menu_order":0,"comment_status":"closed","ping_status":"closed","template":"","meta":{"footnotes":""},"class_list":["post-26","page","type-page","status-publish","hentry"],"yoast_head":"<!-- This site is optimized with the Yoast SEO plugin v27.6 - https:\/\/yoast.com\/product\/yoast-seo-wordpress\/ -->\n<title>Cire pelable professionnelle pour des \u00e9pilations modernes et pratiques<\/title>\n<meta name=\"description\" content=\"La Cire pelable est la meilleure cire actuellement sur le march\u00e9. C&#039;est une cire liposoluble, elle se nettoie \u00e0 l&#039;huile post \u00e9pilation. Cire professionnelle\" \/>\n<meta name=\"robots\" content=\"index, follow, max-snippet:-1, max-image-preview:large, max-video-preview:-1\" \/>\n<link rel=\"canonical\" href=\"https:\/\/epilweb.com\/blog\/cire-pelable-2\/\" \/>\n<meta property=\"og:locale\" content=\"fr_FR\" \/>\n<meta property=\"og:type\" content=\"article\" \/>\n<meta property=\"og:title\" content=\"Cire pelable professionnelle pour des \u00e9pilations modernes et pratiques\" \/>\n<meta property=\"og:description\" content=\"La Cire pelable est la meilleure cire actuellement sur le march\u00e9. C&#039;est une cire liposoluble, elle se nettoie \u00e0 l&#039;huile post \u00e9pilation. Cire professionnelle\" \/>\n<meta property=\"og:url\" content=\"https:\/\/epilweb.com\/blog\/cire-pelable-2\/\" \/>\n<meta property=\"og:site_name\" content=\"Epilweb blog\" \/>\n<meta property=\"article:publisher\" content=\"https:\/\/www.facebook.com\/epilweb\" \/>\n<meta property=\"article:modified_time\" content=\"2018-01-30T08:41:57+00:00\" \/>\n<meta property=\"og:image\" content=\"https:\/\/epilweb.com\/blog\/wp-content\/uploads\/2013\/12\/pelable-300x225.jpg\" \/>\n<meta name=\"twitter:label1\" content=\"Dur\u00e9e de lecture estim\u00e9e\" \/>\n\t<meta name=\"twitter:data1\" content=\"1 minute\" \/>\n<script type=\"application\/ld+json\" class=\"yoast-schema-graph\">{\"@context\":\"https:\\\/\\\/schema.org\",\"@graph\":[{\"@type\":\"WebPage\",\"@id\":\"https:\\\/\\\/epilweb.com\\\/blog\\\/cire-pelable-2\\\/\",\"url\":\"https:\\\/\\\/epilweb.com\\\/blog\\\/cire-pelable-2\\\/\",\"name\":\"Cire pelable professionnelle pour des \u00e9pilations modernes et pratiques\",\"isPartOf\":{\"@id\":\"https:\\\/\\\/epilweb.com\\\/blog\\\/#website\"},\"primaryImageOfPage\":{\"@id\":\"https:\\\/\\\/epilweb.com\\\/blog\\\/cire-pelable-2\\\/#primaryimage\"},\"image\":{\"@id\":\"https:\\\/\\\/epilweb.com\\\/blog\\\/cire-pelable-2\\\/#primaryimage\"},\"thumbnailUrl\":\"https:\\\/\\\/epilweb.com\\\/blog\\\/wp-content\\\/uploads\\\/2013\\\/12\\\/pelable-300x225.jpg\",\"datePublished\":\"2013-12-21T19:05:34+00:00\",\"dateModified\":\"2018-01-30T08:41:57+00:00\",\"description\":\"La Cire pelable est la meilleure cire actuellement sur le march\u00e9. C'est une cire liposoluble, elle se nettoie \u00e0 l'huile post \u00e9pilation. Cire professionnelle\",\"breadcrumb\":{\"@id\":\"https:\\\/\\\/epilweb.com\\\/blog\\\/cire-pelable-2\\\/#breadcrumb\"},\"inLanguage\":\"fr-FR\",\"potentialAction\":[{\"@type\":\"ReadAction\",\"target\":[\"https:\\\/\\\/epilweb.com\\\/blog\\\/cire-pelable-2\\\/\"]}]},{\"@type\":\"ImageObject\",\"inLanguage\":\"fr-FR\",\"@id\":\"https:\\\/\\\/epilweb.com\\\/blog\\\/cire-pelable-2\\\/#primaryimage\",\"url\":\"https:\\\/\\\/epilweb.com\\\/blog\\\/wp-content\\\/uploads\\\/2013\\\/12\\\/pelable.jpg\",\"contentUrl\":\"https:\\\/\\\/epilweb.com\\\/blog\\\/wp-content\\\/uploads\\\/2013\\\/12\\\/pelable.jpg\",\"width\":333,\"height\":250},{\"@type\":\"BreadcrumbList\",\"@id\":\"https:\\\/\\\/epilweb.com\\\/blog\\\/cire-pelable-2\\\/#breadcrumb\",\"itemListElement\":[{\"@type\":\"ListItem\",\"position\":1,\"name\":\"Accueil\",\"item\":\"https:\\\/\\\/epilweb.com\\\/blog\\\/\"},{\"@type\":\"ListItem\",\"position\":2,\"name\":\"Cire Pelable\"}]},{\"@type\":\"WebSite\",\"@id\":\"https:\\\/\\\/epilweb.com\\\/blog\\\/#website\",\"url\":\"https:\\\/\\\/epilweb.com\\\/blog\\\/\",\"name\":\"Epilweb blog\",\"description\":\"Parlons des produits de la boutique Epilweb\",\"publisher\":{\"@id\":\"https:\\\/\\\/epilweb.com\\\/blog\\\/#organization\"},\"potentialAction\":[{\"@type\":\"SearchAction\",\"target\":{\"@type\":\"EntryPoint\",\"urlTemplate\":\"https:\\\/\\\/epilweb.com\\\/blog\\\/?s={search_term_string}\"},\"query-input\":{\"@type\":\"PropertyValueSpecification\",\"valueRequired\":true,\"valueName\":\"search_term_string\"}}],\"inLanguage\":\"fr-FR\"},{\"@type\":\"Organization\",\"@id\":\"https:\\\/\\\/epilweb.com\\\/blog\\\/#organization\",\"name\":\"Epilweb\",\"url\":\"https:\\\/\\\/epilweb.com\\\/blog\\\/\",\"logo\":{\"@type\":\"ImageObject\",\"inLanguage\":\"fr-FR\",\"@id\":\"https:\\\/\\\/epilweb.com\\\/blog\\\/#\\\/schema\\\/logo\\\/image\\\/\",\"url\":\"https:\\\/\\\/epilweb.com\\\/blog\\\/wp-content\\\/uploads\\\/2014\\\/04\\\/4-perles.jpg\",\"contentUrl\":\"https:\\\/\\\/epilweb.com\\\/blog\\\/wp-content\\\/uploads\\\/2014\\\/04\\\/4-perles.jpg\",\"width\":3264,\"height\":1603,\"caption\":\"Epilweb\"},\"image\":{\"@id\":\"https:\\\/\\\/epilweb.com\\\/blog\\\/#\\\/schema\\\/logo\\\/image\\\/\"},\"sameAs\":[\"https:\\\/\\\/www.facebook.com\\\/epilweb\",\"https:\\\/\\\/fr.pinterest.com\\\/epilweb\"]}]}<\/script>\n<!-- \/ Yoast SEO plugin. -->","yoast_head_json":{"title":"Cire pelable professionnelle pour des \u00e9pilations modernes et pratiques","description":"La Cire pelable est la meilleure cire actuellement sur le march\u00e9. C'est une cire liposoluble, elle se nettoie \u00e0 l'huile post \u00e9pilation. Cire professionnelle","robots":{"index":"index","follow":"follow","max-snippet":"max-snippet:-1","max-image-preview":"max-image-preview:large","max-video-preview":"max-video-preview:-1"},"canonical":"https:\/\/epilweb.com\/blog\/cire-pelable-2\/","og_locale":"fr_FR","og_type":"article","og_title":"Cire pelable professionnelle pour des \u00e9pilations modernes et pratiques","og_description":"La Cire pelable est la meilleure cire actuellement sur le march\u00e9. C'est une cire liposoluble, elle se nettoie \u00e0 l'huile post \u00e9pilation. Cire professionnelle","og_url":"https:\/\/epilweb.com\/blog\/cire-pelable-2\/","og_site_name":"Epilweb blog","article_publisher":"https:\/\/www.facebook.com\/epilweb","article_modified_time":"2018-01-30T08:41:57+00:00","og_image":[{"url":"https:\/\/epilweb.com\/blog\/wp-content\/uploads\/2013\/12\/pelable-300x225.jpg","type":"","width":"","height":""}],"twitter_misc":{"Dur\u00e9e de lecture estim\u00e9e":"1 minute"},"schema":{"@context":"https:\/\/schema.org","@graph":[{"@type":"WebPage","@id":"https:\/\/epilweb.com\/blog\/cire-pelable-2\/","url":"https:\/\/epilweb.com\/blog\/cire-pelable-2\/","name":"Cire pelable professionnelle pour des \u00e9pilations modernes et pratiques","isPartOf":{"@id":"https:\/\/epilweb.com\/blog\/#website"},"primaryImageOfPage":{"@id":"https:\/\/epilweb.com\/blog\/cire-pelable-2\/#primaryimage"},"image":{"@id":"https:\/\/epilweb.com\/blog\/cire-pelable-2\/#primaryimage"},"thumbnailUrl":"https:\/\/epilweb.com\/blog\/wp-content\/uploads\/2013\/12\/pelable-300x225.jpg","datePublished":"2013-12-21T19:05:34+00:00","dateModified":"2018-01-30T08:41:57+00:00","description":"La Cire pelable est la meilleure cire actuellement sur le march\u00e9. C'est une cire liposoluble, elle se nettoie \u00e0 l'huile post \u00e9pilation. Cire professionnelle","breadcrumb":{"@id":"https:\/\/epilweb.com\/blog\/cire-pelable-2\/#breadcrumb"},"inLanguage":"fr-FR","potentialAction":[{"@type":"ReadAction","target":["https:\/\/epilweb.com\/blog\/cire-pelable-2\/"]}]},{"@type":"ImageObject","inLanguage":"fr-FR","@id":"https:\/\/epilweb.com\/blog\/cire-pelable-2\/#primaryimage","url":"https:\/\/epilweb.com\/blog\/wp-content\/uploads\/2013\/12\/pelable.jpg","contentUrl":"https:\/\/epilweb.com\/blog\/wp-content\/uploads\/2013\/12\/pelable.jpg","width":333,"height":250},{"@type":"BreadcrumbList","@id":"https:\/\/epilweb.com\/blog\/cire-pelable-2\/#breadcrumb","itemListElement":[{"@type":"ListItem","position":1,"name":"Accueil","item":"https:\/\/epilweb.com\/blog\/"},{"@type":"ListItem","position":2,"name":"Cire Pelable"}]},{"@type":"WebSite","@id":"https:\/\/epilweb.com\/blog\/#website","url":"https:\/\/epilweb.com\/blog\/","name":"Epilweb blog","description":"Parlons des produits de la boutique Epilweb","publisher":{"@id":"https:\/\/epilweb.com\/blog\/#organization"},"potentialAction":[{"@type":"SearchAction","target":{"@type":"EntryPoint","urlTemplate":"https:\/\/epilweb.com\/blog\/?s={search_term_string}"},"query-input":{"@type":"PropertyValueSpecification","valueRequired":true,"valueName":"search_term_string"}}],"inLanguage":"fr-FR"},{"@type":"Organization","@id":"https:\/\/epilweb.com\/blog\/#organization","name":"Epilweb","url":"https:\/\/epilweb.com\/blog\/","logo":{"@type":"ImageObject","inLanguage":"fr-FR","@id":"https:\/\/epilweb.com\/blog\/#\/schema\/logo\/image\/","url":"https:\/\/epilweb.com\/blog\/wp-content\/uploads\/2014\/04\/4-perles.jpg","contentUrl":"https:\/\/epilweb.com\/blog\/wp-content\/uploads\/2014\/04\/4-perles.jpg","width":3264,"height":1603,"caption":"Epilweb"},"image":{"@id":"https:\/\/epilweb.com\/blog\/#\/schema\/logo\/image\/"},"sameAs":["https:\/\/www.facebook.com\/epilweb","https:\/\/fr.pinterest.com\/epilweb"]}]}},"_links":{"self":[{"href":"https:\/\/epilweb.com\/blog\/wp-json\/wp\/v2\/pages\/26","targetHints":{"allow":["GET"]}}],"collection":[{"href":"https:\/\/epilweb.com\/blog\/wp-json\/wp\/v2\/pages"}],"about":[{"href":"https:\/\/epilweb.com\/blog\/wp-json\/wp\/v2\/types\/page"}],"author":[{"embeddable":true,"href":"https:\/\/epilweb.com\/blog\/wp-json\/wp\/v2\/users\/1"}],"replies":[{"embeddable":true,"href":"https:\/\/epilweb.com\/blog\/wp-json\/wp\/v2\/comments?post=26"}],"version-history":[{"count":21,"href":"https:\/\/epilweb.com\/blog\/wp-json\/wp\/v2\/pages\/26\/revisions"}],"predecessor-version":[{"id":1104,"href":"https:\/\/epilweb.com\/blog\/wp-json\/wp\/v2\/pages\/26\/revisions\/1104"}],"wp:attachment":[{"href":"https:\/\/epilweb.com\/blog\/wp-json\/wp\/v2\/media?parent=26"}],"curies":[{"name":"wp","href":"https:\/\/api.w.org\/{rel}","templated":true}]}}