{"id":24,"date":"2013-12-21T20:05:25","date_gmt":"2013-12-21T19:05:25","guid":{"rendered":"http:\/\/epilweb.com\/blog\/?page_id=24"},"modified":"2018-01-24T14:11:57","modified_gmt":"2018-01-24T13:11:57","slug":"jetable","status":"publish","type":"page","link":"https:\/\/epilweb.com\/blog\/jetable\/","title":{"rendered":"Cire Jetable"},"content":{"rendered":"<p>L&rsquo;\u00e9pilation \u00e0 la cire est le syst\u00e8me le plus utilis\u00e9e et depuis le plus longtemps.<\/p>\n<h2>Les cires Roll On<\/h2>\n<p>La cire jetable s&rsquo;utilise avec des bandes lisses, l&rsquo;utilisation du Roll-On facilite son utilisation pour les non-initi\u00e9s surtout au d\u00e9but.<\/p>\n<p><strong>Il existe deux gammes de Roll-On dans\u00a0 la boutique.<\/strong><\/p>\n<figure id=\"attachment_121\" aria-describedby=\"caption-attachment-121\" style=\"width: 300px\" class=\"wp-caption alignnone\"><a href=\"https:\/\/epilweb.com\/\"><img loading=\"lazy\" decoding=\"async\" class=\"wp-image-121\" title=\"Les cires \u00e0 \u00e9piler Bes France que nous proposons \u00e0 la vente. Grossiste esth\u00e9tique\" src=\"http:\/\/epilweb.com\/blog\/wp-content\/uploads\/2013\/12\/1482-300x171.jpg\" alt=\"La gamme des cires Bes France de la boutique en Roll On\" width=\"300\" height=\"171\" srcset=\"https:\/\/epilweb.com\/blog\/wp-content\/uploads\/2013\/12\/1482-300x171.jpg 300w, https:\/\/epilweb.com\/blog\/wp-content\/uploads\/2013\/12\/1482-1024x585.jpg 1024w\" sizes=\"auto, (max-width: 300px) 100vw, 300px\" \/><\/a><figcaption id=\"caption-attachment-121\" class=\"wp-caption-text\"><br \/> Les recharges Roll-On de Bes France. Des cires professionnelles accessibles \u00e0 tous.<\/figcaption><\/figure>\n<p><a href=\"https:\/\/epilweb.com\/12-cire-a-epiler-jetable-tiedes\"><img loading=\"lazy\" decoding=\"async\" class=\"alignnone wp-image-189 size-medium\" title=\"Une grande gamme de cires \u00e0 \u00e9piler professionnelles pour des \u00e9pilations r\u00e9ussies en institut et \u00e0 domicile\" src=\"https:\/\/epilweb.com\/blog\/wp-content\/uploads\/2013\/12\/bandeau-recharges-300x142.jpg\" alt=\"Les cires \u00e0 \u00e9piler professionnelles de Look Concept\" width=\"300\" height=\"142\" srcset=\"https:\/\/epilweb.com\/blog\/wp-content\/uploads\/2013\/12\/bandeau-recharges-300x142.jpg 300w, https:\/\/epilweb.com\/blog\/wp-content\/uploads\/2013\/12\/bandeau-recharges-1024x486.jpg 1024w\" sizes=\"auto, (max-width: 300px) 100vw, 300px\" \/><\/a><\/p>\n<p>Les cartouches de cire \u00e0 \u00e9piler en Roll on de Look Concept. Vous avez un chauffe-cire et vous vous posez des questions sur la compatibilit\u00e9 avec ces recharges. <a title=\"Recharges roll on explications\" href=\"https:\/\/epilweb.com\/blog\/incompatible\/\">Voici quelques explications.<\/a><\/p>\n<h2>\u00a0Les cires en pot<\/h2>\n<p><a href=\"https:\/\/epilweb.com\/49-pots-de-cire-a-epiler-800-ml\"><img loading=\"lazy\" decoding=\"async\" class=\"alignnone wp-image-439 size-medium\" title=\"Pot de cire \u00e0 \u00e9piler. cette cire ti\u00e8de s'applique \u00e0 la spatule, pas de roll on\" src=\"https:\/\/epilweb.com\/blog\/wp-content\/uploads\/2013\/12\/pot-cire-bandes-233x300.jpg\" alt=\"pot-cire-epiler avec bandes, application spatule, plus difficile que le roll on\" width=\"233\" height=\"300\" srcset=\"https:\/\/epilweb.com\/blog\/wp-content\/uploads\/2013\/12\/pot-cire-bandes-233x300.jpg 233w, https:\/\/epilweb.com\/blog\/wp-content\/uploads\/2013\/12\/pot-cire-bandes-797x1024.jpg 797w, https:\/\/epilweb.com\/blog\/wp-content\/uploads\/2013\/12\/pot-cire-bandes.jpg 938w\" sizes=\"auto, (max-width: 233px) 100vw, 233px\" \/><\/a><\/p>\n<p>Pour utiliser la cire en pot, il vous faudra utiliser la spatule. C&rsquo;est plus d\u00e9licat que le roll on, surtout au d\u00e9but.<\/p>\n<p>Toutes ces cires s&rsquo;utilisent avec des <a title=\"Bandes lisses pour utiliser avec la cire ti\u00e8de.\" href=\"https:\/\/epilweb.com\/33-bandes-lisses-pour-epilation\">bandes lisses<\/a> pour l&rsquo;arrachage.<\/p>\n<h3>Visiter<a title=\"Le meilleur choix en produits d'\u00e9pilation chez les professionnels en esth\u00e9tique\" href=\"https:\/\/epilweb.com\"> La boutique<\/a><\/h3>\n","protected":false},"excerpt":{"rendered":"<p>L&rsquo;\u00e9pilation \u00e0 la cire est le syst\u00e8me le plus utilis\u00e9e et depuis le plus longtemps. Les cires Roll On La cire jetable s&rsquo;utilise avec des bandes lisses, l&rsquo;utilisation du Roll-On facilite son utilisation pour les non-initi\u00e9s surtout au d\u00e9but. Il existe deux gammes de Roll-On dans\u00a0 la boutique. Les cartouches de cire \u00e0 \u00e9piler en &hellip; <a href=\"https:\/\/epilweb.com\/blog\/jetable\/\" class=\"more-link\">Continuer la lecture de <span class=\"screen-reader-text\">Cire Jetable<\/span> <span class=\"meta-nav\">&rarr;<\/span><\/a><\/p>\n","protected":false},"author":1,"featured_media":0,"parent":0,"menu_order":0,"comment_status":"closed","ping_status":"closed","template":"","meta":{"footnotes":""},"class_list":["post-24","page","type-page","status-publish","hentry"],"yoast_head":"<!-- This site is optimized with the Yoast SEO plugin v27.5 - https:\/\/yoast.com\/product\/yoast-seo-wordpress\/ -->\n<title>Cire Bes France. Recharge roll on pour \u00e9pilation avec bandes<\/title>\n<meta name=\"description\" content=\"Les cires Bes France en recharge Roll on pour des \u00e9pilations de qualit\u00e9 en institut et \u00e0 domicile. Pour utilisation avec des bandes lisses non-tiss\u00e9es\" \/>\n<meta name=\"robots\" content=\"index, follow, max-snippet:-1, max-image-preview:large, max-video-preview:-1\" \/>\n<link rel=\"canonical\" href=\"https:\/\/epilweb.com\/blog\/jetable\/\" \/>\n<meta property=\"og:locale\" content=\"fr_FR\" \/>\n<meta property=\"og:type\" content=\"article\" \/>\n<meta property=\"og:title\" content=\"Cire Bes France. Recharge roll on pour \u00e9pilation avec bandes\" \/>\n<meta property=\"og:description\" content=\"Les cires Bes France en recharge Roll on pour des \u00e9pilations de qualit\u00e9 en institut et \u00e0 domicile. Pour utilisation avec des bandes lisses non-tiss\u00e9es\" \/>\n<meta property=\"og:url\" content=\"https:\/\/epilweb.com\/blog\/jetable\/\" \/>\n<meta property=\"og:site_name\" content=\"Epilweb blog\" \/>\n<meta property=\"article:publisher\" content=\"https:\/\/www.facebook.com\/epilweb\" \/>\n<meta property=\"article:modified_time\" content=\"2018-01-24T13:11:57+00:00\" \/>\n<meta property=\"og:image\" content=\"http:\/\/epilweb.com\/blog\/wp-content\/uploads\/2013\/12\/1482-300x171.jpg\" \/>\n<meta name=\"twitter:label1\" content=\"Dur\u00e9e de lecture estim\u00e9e\" \/>\n\t<meta name=\"twitter:data1\" content=\"1 minute\" \/>\n<script type=\"application\/ld+json\" class=\"yoast-schema-graph\">{\"@context\":\"https:\\\/\\\/schema.org\",\"@graph\":[{\"@type\":\"WebPage\",\"@id\":\"https:\\\/\\\/epilweb.com\\\/blog\\\/jetable\\\/\",\"url\":\"https:\\\/\\\/epilweb.com\\\/blog\\\/jetable\\\/\",\"name\":\"Cire Bes France. Recharge roll on pour \u00e9pilation avec bandes\",\"isPartOf\":{\"@id\":\"https:\\\/\\\/epilweb.com\\\/blog\\\/#website\"},\"primaryImageOfPage\":{\"@id\":\"https:\\\/\\\/epilweb.com\\\/blog\\\/jetable\\\/#primaryimage\"},\"image\":{\"@id\":\"https:\\\/\\\/epilweb.com\\\/blog\\\/jetable\\\/#primaryimage\"},\"thumbnailUrl\":\"http:\\\/\\\/epilweb.com\\\/blog\\\/wp-content\\\/uploads\\\/2013\\\/12\\\/1482-300x171.jpg\",\"datePublished\":\"2013-12-21T19:05:25+00:00\",\"dateModified\":\"2018-01-24T13:11:57+00:00\",\"description\":\"Les cires Bes France en recharge Roll on pour des \u00e9pilations de qualit\u00e9 en institut et \u00e0 domicile. Pour utilisation avec des bandes lisses non-tiss\u00e9es\",\"breadcrumb\":{\"@id\":\"https:\\\/\\\/epilweb.com\\\/blog\\\/jetable\\\/#breadcrumb\"},\"inLanguage\":\"fr-FR\",\"potentialAction\":[{\"@type\":\"ReadAction\",\"target\":[\"https:\\\/\\\/epilweb.com\\\/blog\\\/jetable\\\/\"]}]},{\"@type\":\"ImageObject\",\"inLanguage\":\"fr-FR\",\"@id\":\"https:\\\/\\\/epilweb.com\\\/blog\\\/jetable\\\/#primaryimage\",\"url\":\"http:\\\/\\\/epilweb.com\\\/blog\\\/wp-content\\\/uploads\\\/2013\\\/12\\\/1482-300x171.jpg\",\"contentUrl\":\"http:\\\/\\\/epilweb.com\\\/blog\\\/wp-content\\\/uploads\\\/2013\\\/12\\\/1482-300x171.jpg\"},{\"@type\":\"BreadcrumbList\",\"@id\":\"https:\\\/\\\/epilweb.com\\\/blog\\\/jetable\\\/#breadcrumb\",\"itemListElement\":[{\"@type\":\"ListItem\",\"position\":1,\"name\":\"Accueil\",\"item\":\"https:\\\/\\\/epilweb.com\\\/blog\\\/\"},{\"@type\":\"ListItem\",\"position\":2,\"name\":\"Cire Jetable\"}]},{\"@type\":\"WebSite\",\"@id\":\"https:\\\/\\\/epilweb.com\\\/blog\\\/#website\",\"url\":\"https:\\\/\\\/epilweb.com\\\/blog\\\/\",\"name\":\"Epilweb blog\",\"description\":\"Parlons des produits de la boutique Epilweb\",\"publisher\":{\"@id\":\"https:\\\/\\\/epilweb.com\\\/blog\\\/#organization\"},\"potentialAction\":[{\"@type\":\"SearchAction\",\"target\":{\"@type\":\"EntryPoint\",\"urlTemplate\":\"https:\\\/\\\/epilweb.com\\\/blog\\\/?s={search_term_string}\"},\"query-input\":{\"@type\":\"PropertyValueSpecification\",\"valueRequired\":true,\"valueName\":\"search_term_string\"}}],\"inLanguage\":\"fr-FR\"},{\"@type\":\"Organization\",\"@id\":\"https:\\\/\\\/epilweb.com\\\/blog\\\/#organization\",\"name\":\"Epilweb\",\"url\":\"https:\\\/\\\/epilweb.com\\\/blog\\\/\",\"logo\":{\"@type\":\"ImageObject\",\"inLanguage\":\"fr-FR\",\"@id\":\"https:\\\/\\\/epilweb.com\\\/blog\\\/#\\\/schema\\\/logo\\\/image\\\/\",\"url\":\"https:\\\/\\\/epilweb.com\\\/blog\\\/wp-content\\\/uploads\\\/2014\\\/04\\\/4-perles.jpg\",\"contentUrl\":\"https:\\\/\\\/epilweb.com\\\/blog\\\/wp-content\\\/uploads\\\/2014\\\/04\\\/4-perles.jpg\",\"width\":3264,\"height\":1603,\"caption\":\"Epilweb\"},\"image\":{\"@id\":\"https:\\\/\\\/epilweb.com\\\/blog\\\/#\\\/schema\\\/logo\\\/image\\\/\"},\"sameAs\":[\"https:\\\/\\\/www.facebook.com\\\/epilweb\",\"https:\\\/\\\/fr.pinterest.com\\\/epilweb\"]}]}<\/script>\n<!-- \/ Yoast SEO plugin. -->","yoast_head_json":{"title":"Cire Bes France. Recharge roll on pour \u00e9pilation avec bandes","description":"Les cires Bes France en recharge Roll on pour des \u00e9pilations de qualit\u00e9 en institut et \u00e0 domicile. Pour utilisation avec des bandes lisses non-tiss\u00e9es","robots":{"index":"index","follow":"follow","max-snippet":"max-snippet:-1","max-image-preview":"max-image-preview:large","max-video-preview":"max-video-preview:-1"},"canonical":"https:\/\/epilweb.com\/blog\/jetable\/","og_locale":"fr_FR","og_type":"article","og_title":"Cire Bes France. Recharge roll on pour \u00e9pilation avec bandes","og_description":"Les cires Bes France en recharge Roll on pour des \u00e9pilations de qualit\u00e9 en institut et \u00e0 domicile. Pour utilisation avec des bandes lisses non-tiss\u00e9es","og_url":"https:\/\/epilweb.com\/blog\/jetable\/","og_site_name":"Epilweb blog","article_publisher":"https:\/\/www.facebook.com\/epilweb","article_modified_time":"2018-01-24T13:11:57+00:00","og_image":[{"url":"http:\/\/epilweb.com\/blog\/wp-content\/uploads\/2013\/12\/1482-300x171.jpg","type":"","width":"","height":""}],"twitter_misc":{"Dur\u00e9e de lecture estim\u00e9e":"1 minute"},"schema":{"@context":"https:\/\/schema.org","@graph":[{"@type":"WebPage","@id":"https:\/\/epilweb.com\/blog\/jetable\/","url":"https:\/\/epilweb.com\/blog\/jetable\/","name":"Cire Bes France. Recharge roll on pour \u00e9pilation avec bandes","isPartOf":{"@id":"https:\/\/epilweb.com\/blog\/#website"},"primaryImageOfPage":{"@id":"https:\/\/epilweb.com\/blog\/jetable\/#primaryimage"},"image":{"@id":"https:\/\/epilweb.com\/blog\/jetable\/#primaryimage"},"thumbnailUrl":"http:\/\/epilweb.com\/blog\/wp-content\/uploads\/2013\/12\/1482-300x171.jpg","datePublished":"2013-12-21T19:05:25+00:00","dateModified":"2018-01-24T13:11:57+00:00","description":"Les cires Bes France en recharge Roll on pour des \u00e9pilations de qualit\u00e9 en institut et \u00e0 domicile. Pour utilisation avec des bandes lisses non-tiss\u00e9es","breadcrumb":{"@id":"https:\/\/epilweb.com\/blog\/jetable\/#breadcrumb"},"inLanguage":"fr-FR","potentialAction":[{"@type":"ReadAction","target":["https:\/\/epilweb.com\/blog\/jetable\/"]}]},{"@type":"ImageObject","inLanguage":"fr-FR","@id":"https:\/\/epilweb.com\/blog\/jetable\/#primaryimage","url":"http:\/\/epilweb.com\/blog\/wp-content\/uploads\/2013\/12\/1482-300x171.jpg","contentUrl":"http:\/\/epilweb.com\/blog\/wp-content\/uploads\/2013\/12\/1482-300x171.jpg"},{"@type":"BreadcrumbList","@id":"https:\/\/epilweb.com\/blog\/jetable\/#breadcrumb","itemListElement":[{"@type":"ListItem","position":1,"name":"Accueil","item":"https:\/\/epilweb.com\/blog\/"},{"@type":"ListItem","position":2,"name":"Cire Jetable"}]},{"@type":"WebSite","@id":"https:\/\/epilweb.com\/blog\/#website","url":"https:\/\/epilweb.com\/blog\/","name":"Epilweb blog","description":"Parlons des produits de la boutique Epilweb","publisher":{"@id":"https:\/\/epilweb.com\/blog\/#organization"},"potentialAction":[{"@type":"SearchAction","target":{"@type":"EntryPoint","urlTemplate":"https:\/\/epilweb.com\/blog\/?s={search_term_string}"},"query-input":{"@type":"PropertyValueSpecification","valueRequired":true,"valueName":"search_term_string"}}],"inLanguage":"fr-FR"},{"@type":"Organization","@id":"https:\/\/epilweb.com\/blog\/#organization","name":"Epilweb","url":"https:\/\/epilweb.com\/blog\/","logo":{"@type":"ImageObject","inLanguage":"fr-FR","@id":"https:\/\/epilweb.com\/blog\/#\/schema\/logo\/image\/","url":"https:\/\/epilweb.com\/blog\/wp-content\/uploads\/2014\/04\/4-perles.jpg","contentUrl":"https:\/\/epilweb.com\/blog\/wp-content\/uploads\/2014\/04\/4-perles.jpg","width":3264,"height":1603,"caption":"Epilweb"},"image":{"@id":"https:\/\/epilweb.com\/blog\/#\/schema\/logo\/image\/"},"sameAs":["https:\/\/www.facebook.com\/epilweb","https:\/\/fr.pinterest.com\/epilweb"]}]}},"_links":{"self":[{"href":"https:\/\/epilweb.com\/blog\/wp-json\/wp\/v2\/pages\/24","targetHints":{"allow":["GET"]}}],"collection":[{"href":"https:\/\/epilweb.com\/blog\/wp-json\/wp\/v2\/pages"}],"about":[{"href":"https:\/\/epilweb.com\/blog\/wp-json\/wp\/v2\/types\/page"}],"author":[{"embeddable":true,"href":"https:\/\/epilweb.com\/blog\/wp-json\/wp\/v2\/users\/1"}],"replies":[{"embeddable":true,"href":"https:\/\/epilweb.com\/blog\/wp-json\/wp\/v2\/comments?post=24"}],"version-history":[{"count":18,"href":"https:\/\/epilweb.com\/blog\/wp-json\/wp\/v2\/pages\/24\/revisions"}],"predecessor-version":[{"id":1040,"href":"https:\/\/epilweb.com\/blog\/wp-json\/wp\/v2\/pages\/24\/revisions\/1040"}],"wp:attachment":[{"href":"https:\/\/epilweb.com\/blog\/wp-json\/wp\/v2\/media?parent=24"}],"curies":[{"name":"wp","href":"https:\/\/api.w.org\/{rel}","templated":true}]}}