{"id":21,"date":"2013-12-21T20:04:45","date_gmt":"2013-12-21T19:04:45","guid":{"rendered":"http:\/\/epilweb.com\/blog\/?page_id=21"},"modified":"2018-01-23T09:20:40","modified_gmt":"2018-01-23T08:20:40","slug":"paraffine","status":"publish","type":"page","link":"https:\/\/epilweb.com\/blog\/paraffine\/","title":{"rendered":"Paraffine"},"content":{"rendered":"<p>Nous commercialisons de la paraffine pour le soin du corps. En barquette de 500 et 1000 grammes. Plusieurs parfums pour cette paraffine, Muguet, P\u00eache, Magnolia, Neutre. Ces parfums existent car ils sont pr\u00e9f\u00e9r\u00e9s de certains de nos clients.<\/p>\n<p>&nbsp;<\/p>\n<figure id=\"attachment_247\" aria-describedby=\"caption-attachment-247\" style=\"width: 300px\" class=\"wp-caption alignnone\"><a href=\"https:\/\/epilweb.com\/14-paraffine-cosmetique-manucure-pedicure-enveloppement\"><img loading=\"lazy\" decoding=\"async\" class=\"  wp-image-247\" title=\"Gamme paraffine, soin mains, corps, ongles, pieds\" src=\"http:\/\/epilweb.com\/blog\/wp-content\/uploads\/2013\/12\/paraffines-300x225.jpg\" alt=\"Paraffine pour le soin du coprs, mains, pieds\" width=\"300\" height=\"225\" srcset=\"https:\/\/epilweb.com\/blog\/wp-content\/uploads\/2013\/12\/paraffines-300x225.jpg 300w, https:\/\/epilweb.com\/blog\/wp-content\/uploads\/2013\/12\/paraffines.jpg 333w\" sizes=\"auto, (max-width: 300px) 100vw, 300px\" \/><\/a><figcaption id=\"caption-attachment-247\" class=\"wp-caption-text\">Paraffine pour le soin du corps<\/figcaption><\/figure>\n<p>Pour un soin de remise en forme de vos mains, pieds, la paraffine vous aidera.<\/p>\n<p>La paraffine vous permettra d&rsquo;hydrater et r\u00e9parer les couches superficielles de l&rsquo;\u00e9piderme, elle adoucira vos mains, vos pieds et les peaux d\u00e9shydrat\u00e9s, ab\u00eem\u00e9s et dess\u00e9ch\u00e9s par les agressions ext\u00e9rieures.<\/p>\n<p>&nbsp;<\/p>\n<p>&nbsp;<\/p>\n<p>&nbsp;<\/p>\n<p>&nbsp;<\/p>\n<p>&nbsp;<\/p>\n","protected":false},"excerpt":{"rendered":"<p>Nous commercialisons de la paraffine pour le soin du corps. En barquette de 500 et 1000 grammes. Plusieurs parfums pour cette paraffine, Muguet, P\u00eache, Magnolia, Neutre. Ces parfums existent car ils sont pr\u00e9f\u00e9r\u00e9s de certains de nos clients. &nbsp; Pour un soin de remise en forme de vos mains, pieds, la paraffine vous aidera. La &hellip; <a href=\"https:\/\/epilweb.com\/blog\/paraffine\/\" class=\"more-link\">Continuer la lecture de <span class=\"screen-reader-text\">Paraffine<\/span> <span class=\"meta-nav\">&rarr;<\/span><\/a><\/p>\n","protected":false},"author":1,"featured_media":0,"parent":0,"menu_order":3,"comment_status":"closed","ping_status":"closed","template":"","meta":{"footnotes":""},"class_list":["post-21","page","type-page","status-publish","hentry"],"yoast_head":"<!-- This site is optimized with the Yoast SEO plugin v27.5 - https:\/\/yoast.com\/product\/yoast-seo-wordpress\/ -->\n<title>Le soin du corps \u00e0 la paraffine. Gamme paraffine mains, pieds, corps.<\/title>\n<meta name=\"description\" content=\"Gamme paraffine pour le soin du corps, manucure, p\u00e9dicure, ongles. Plusieurs parfums pour paraffine utilis\u00e9e en institut, salon, onglerie professionnelle.\" \/>\n<meta name=\"robots\" content=\"index, follow, max-snippet:-1, max-image-preview:large, max-video-preview:-1\" \/>\n<link rel=\"canonical\" href=\"https:\/\/epilweb.com\/blog\/paraffine\/\" \/>\n<meta property=\"og:locale\" content=\"fr_FR\" \/>\n<meta property=\"og:type\" content=\"article\" \/>\n<meta property=\"og:title\" content=\"Le soin du corps \u00e0 la paraffine. Gamme paraffine mains, pieds, corps.\" \/>\n<meta property=\"og:description\" content=\"Gamme paraffine pour le soin du corps, manucure, p\u00e9dicure, ongles. Plusieurs parfums pour paraffine utilis\u00e9e en institut, salon, onglerie professionnelle.\" \/>\n<meta property=\"og:url\" content=\"https:\/\/epilweb.com\/blog\/paraffine\/\" \/>\n<meta property=\"og:site_name\" content=\"Epilweb blog\" \/>\n<meta property=\"article:publisher\" content=\"https:\/\/www.facebook.com\/epilweb\" \/>\n<meta property=\"article:modified_time\" content=\"2018-01-23T08:20:40+00:00\" \/>\n<meta property=\"og:image\" content=\"http:\/\/epilweb.com\/blog\/wp-content\/uploads\/2013\/12\/paraffines-300x225.jpg\" \/>\n<meta name=\"twitter:label1\" content=\"Dur\u00e9e de lecture estim\u00e9e\" \/>\n\t<meta name=\"twitter:data1\" content=\"1 minute\" \/>\n<script type=\"application\/ld+json\" class=\"yoast-schema-graph\">{\"@context\":\"https:\\\/\\\/schema.org\",\"@graph\":[{\"@type\":\"WebPage\",\"@id\":\"https:\\\/\\\/epilweb.com\\\/blog\\\/paraffine\\\/\",\"url\":\"https:\\\/\\\/epilweb.com\\\/blog\\\/paraffine\\\/\",\"name\":\"Le soin du corps \u00e0 la paraffine. Gamme paraffine mains, pieds, corps.\",\"isPartOf\":{\"@id\":\"https:\\\/\\\/epilweb.com\\\/blog\\\/#website\"},\"primaryImageOfPage\":{\"@id\":\"https:\\\/\\\/epilweb.com\\\/blog\\\/paraffine\\\/#primaryimage\"},\"image\":{\"@id\":\"https:\\\/\\\/epilweb.com\\\/blog\\\/paraffine\\\/#primaryimage\"},\"thumbnailUrl\":\"http:\\\/\\\/epilweb.com\\\/blog\\\/wp-content\\\/uploads\\\/2013\\\/12\\\/paraffines-300x225.jpg\",\"datePublished\":\"2013-12-21T19:04:45+00:00\",\"dateModified\":\"2018-01-23T08:20:40+00:00\",\"description\":\"Gamme paraffine pour le soin du corps, manucure, p\u00e9dicure, ongles. Plusieurs parfums pour paraffine utilis\u00e9e en institut, salon, onglerie professionnelle.\",\"breadcrumb\":{\"@id\":\"https:\\\/\\\/epilweb.com\\\/blog\\\/paraffine\\\/#breadcrumb\"},\"inLanguage\":\"fr-FR\",\"potentialAction\":[{\"@type\":\"ReadAction\",\"target\":[\"https:\\\/\\\/epilweb.com\\\/blog\\\/paraffine\\\/\"]}]},{\"@type\":\"ImageObject\",\"inLanguage\":\"fr-FR\",\"@id\":\"https:\\\/\\\/epilweb.com\\\/blog\\\/paraffine\\\/#primaryimage\",\"url\":\"http:\\\/\\\/epilweb.com\\\/blog\\\/wp-content\\\/uploads\\\/2013\\\/12\\\/paraffines-300x225.jpg\",\"contentUrl\":\"http:\\\/\\\/epilweb.com\\\/blog\\\/wp-content\\\/uploads\\\/2013\\\/12\\\/paraffines-300x225.jpg\"},{\"@type\":\"BreadcrumbList\",\"@id\":\"https:\\\/\\\/epilweb.com\\\/blog\\\/paraffine\\\/#breadcrumb\",\"itemListElement\":[{\"@type\":\"ListItem\",\"position\":1,\"name\":\"Accueil\",\"item\":\"https:\\\/\\\/epilweb.com\\\/blog\\\/\"},{\"@type\":\"ListItem\",\"position\":2,\"name\":\"Paraffine\"}]},{\"@type\":\"WebSite\",\"@id\":\"https:\\\/\\\/epilweb.com\\\/blog\\\/#website\",\"url\":\"https:\\\/\\\/epilweb.com\\\/blog\\\/\",\"name\":\"Epilweb blog\",\"description\":\"Parlons des produits de la boutique Epilweb\",\"publisher\":{\"@id\":\"https:\\\/\\\/epilweb.com\\\/blog\\\/#organization\"},\"potentialAction\":[{\"@type\":\"SearchAction\",\"target\":{\"@type\":\"EntryPoint\",\"urlTemplate\":\"https:\\\/\\\/epilweb.com\\\/blog\\\/?s={search_term_string}\"},\"query-input\":{\"@type\":\"PropertyValueSpecification\",\"valueRequired\":true,\"valueName\":\"search_term_string\"}}],\"inLanguage\":\"fr-FR\"},{\"@type\":\"Organization\",\"@id\":\"https:\\\/\\\/epilweb.com\\\/blog\\\/#organization\",\"name\":\"Epilweb\",\"url\":\"https:\\\/\\\/epilweb.com\\\/blog\\\/\",\"logo\":{\"@type\":\"ImageObject\",\"inLanguage\":\"fr-FR\",\"@id\":\"https:\\\/\\\/epilweb.com\\\/blog\\\/#\\\/schema\\\/logo\\\/image\\\/\",\"url\":\"https:\\\/\\\/epilweb.com\\\/blog\\\/wp-content\\\/uploads\\\/2014\\\/04\\\/4-perles.jpg\",\"contentUrl\":\"https:\\\/\\\/epilweb.com\\\/blog\\\/wp-content\\\/uploads\\\/2014\\\/04\\\/4-perles.jpg\",\"width\":3264,\"height\":1603,\"caption\":\"Epilweb\"},\"image\":{\"@id\":\"https:\\\/\\\/epilweb.com\\\/blog\\\/#\\\/schema\\\/logo\\\/image\\\/\"},\"sameAs\":[\"https:\\\/\\\/www.facebook.com\\\/epilweb\",\"https:\\\/\\\/fr.pinterest.com\\\/epilweb\"]}]}<\/script>\n<!-- \/ Yoast SEO plugin. -->","yoast_head_json":{"title":"Le soin du corps \u00e0 la paraffine. Gamme paraffine mains, pieds, corps.","description":"Gamme paraffine pour le soin du corps, manucure, p\u00e9dicure, ongles. Plusieurs parfums pour paraffine utilis\u00e9e en institut, salon, onglerie professionnelle.","robots":{"index":"index","follow":"follow","max-snippet":"max-snippet:-1","max-image-preview":"max-image-preview:large","max-video-preview":"max-video-preview:-1"},"canonical":"https:\/\/epilweb.com\/blog\/paraffine\/","og_locale":"fr_FR","og_type":"article","og_title":"Le soin du corps \u00e0 la paraffine. Gamme paraffine mains, pieds, corps.","og_description":"Gamme paraffine pour le soin du corps, manucure, p\u00e9dicure, ongles. Plusieurs parfums pour paraffine utilis\u00e9e en institut, salon, onglerie professionnelle.","og_url":"https:\/\/epilweb.com\/blog\/paraffine\/","og_site_name":"Epilweb blog","article_publisher":"https:\/\/www.facebook.com\/epilweb","article_modified_time":"2018-01-23T08:20:40+00:00","og_image":[{"url":"http:\/\/epilweb.com\/blog\/wp-content\/uploads\/2013\/12\/paraffines-300x225.jpg","type":"","width":"","height":""}],"twitter_misc":{"Dur\u00e9e de lecture estim\u00e9e":"1 minute"},"schema":{"@context":"https:\/\/schema.org","@graph":[{"@type":"WebPage","@id":"https:\/\/epilweb.com\/blog\/paraffine\/","url":"https:\/\/epilweb.com\/blog\/paraffine\/","name":"Le soin du corps \u00e0 la paraffine. Gamme paraffine mains, pieds, corps.","isPartOf":{"@id":"https:\/\/epilweb.com\/blog\/#website"},"primaryImageOfPage":{"@id":"https:\/\/epilweb.com\/blog\/paraffine\/#primaryimage"},"image":{"@id":"https:\/\/epilweb.com\/blog\/paraffine\/#primaryimage"},"thumbnailUrl":"http:\/\/epilweb.com\/blog\/wp-content\/uploads\/2013\/12\/paraffines-300x225.jpg","datePublished":"2013-12-21T19:04:45+00:00","dateModified":"2018-01-23T08:20:40+00:00","description":"Gamme paraffine pour le soin du corps, manucure, p\u00e9dicure, ongles. Plusieurs parfums pour paraffine utilis\u00e9e en institut, salon, onglerie professionnelle.","breadcrumb":{"@id":"https:\/\/epilweb.com\/blog\/paraffine\/#breadcrumb"},"inLanguage":"fr-FR","potentialAction":[{"@type":"ReadAction","target":["https:\/\/epilweb.com\/blog\/paraffine\/"]}]},{"@type":"ImageObject","inLanguage":"fr-FR","@id":"https:\/\/epilweb.com\/blog\/paraffine\/#primaryimage","url":"http:\/\/epilweb.com\/blog\/wp-content\/uploads\/2013\/12\/paraffines-300x225.jpg","contentUrl":"http:\/\/epilweb.com\/blog\/wp-content\/uploads\/2013\/12\/paraffines-300x225.jpg"},{"@type":"BreadcrumbList","@id":"https:\/\/epilweb.com\/blog\/paraffine\/#breadcrumb","itemListElement":[{"@type":"ListItem","position":1,"name":"Accueil","item":"https:\/\/epilweb.com\/blog\/"},{"@type":"ListItem","position":2,"name":"Paraffine"}]},{"@type":"WebSite","@id":"https:\/\/epilweb.com\/blog\/#website","url":"https:\/\/epilweb.com\/blog\/","name":"Epilweb blog","description":"Parlons des produits de la boutique Epilweb","publisher":{"@id":"https:\/\/epilweb.com\/blog\/#organization"},"potentialAction":[{"@type":"SearchAction","target":{"@type":"EntryPoint","urlTemplate":"https:\/\/epilweb.com\/blog\/?s={search_term_string}"},"query-input":{"@type":"PropertyValueSpecification","valueRequired":true,"valueName":"search_term_string"}}],"inLanguage":"fr-FR"},{"@type":"Organization","@id":"https:\/\/epilweb.com\/blog\/#organization","name":"Epilweb","url":"https:\/\/epilweb.com\/blog\/","logo":{"@type":"ImageObject","inLanguage":"fr-FR","@id":"https:\/\/epilweb.com\/blog\/#\/schema\/logo\/image\/","url":"https:\/\/epilweb.com\/blog\/wp-content\/uploads\/2014\/04\/4-perles.jpg","contentUrl":"https:\/\/epilweb.com\/blog\/wp-content\/uploads\/2014\/04\/4-perles.jpg","width":3264,"height":1603,"caption":"Epilweb"},"image":{"@id":"https:\/\/epilweb.com\/blog\/#\/schema\/logo\/image\/"},"sameAs":["https:\/\/www.facebook.com\/epilweb","https:\/\/fr.pinterest.com\/epilweb"]}]}},"_links":{"self":[{"href":"https:\/\/epilweb.com\/blog\/wp-json\/wp\/v2\/pages\/21","targetHints":{"allow":["GET"]}}],"collection":[{"href":"https:\/\/epilweb.com\/blog\/wp-json\/wp\/v2\/pages"}],"about":[{"href":"https:\/\/epilweb.com\/blog\/wp-json\/wp\/v2\/types\/page"}],"author":[{"embeddable":true,"href":"https:\/\/epilweb.com\/blog\/wp-json\/wp\/v2\/users\/1"}],"replies":[{"embeddable":true,"href":"https:\/\/epilweb.com\/blog\/wp-json\/wp\/v2\/comments?post=21"}],"version-history":[{"count":10,"href":"https:\/\/epilweb.com\/blog\/wp-json\/wp\/v2\/pages\/21\/revisions"}],"predecessor-version":[{"id":981,"href":"https:\/\/epilweb.com\/blog\/wp-json\/wp\/v2\/pages\/21\/revisions\/981"}],"wp:attachment":[{"href":"https:\/\/epilweb.com\/blog\/wp-json\/wp\/v2\/media?parent=21"}],"curies":[{"name":"wp","href":"https:\/\/api.w.org\/{rel}","templated":true}]}}