{"id":2,"date":"2013-12-21T18:55:07","date_gmt":"2013-12-21T17:55:07","guid":{"rendered":"http:\/\/epilweb.com\/blog\/?page_id=2"},"modified":"2018-01-30T09:45:03","modified_gmt":"2018-01-30T08:45:03","slug":"produits-epilation-epilweb","status":"publish","type":"page","link":"https:\/\/epilweb.com\/blog\/produits-epilation-epilweb\/","title":{"rendered":"A propos"},"content":{"rendered":"<h2><strong>Epilation &amp; Massage<\/strong><\/h2>\n<p>Bonjour,<\/p>\n<p>Vous voici sur le blog epilation &amp; massage de la boutique <a title=\"Cire \u00e0 \u00e9piler et huile de massage pour vos soins d'esth\u00e9tique \u00e0 la maison\" href=\"https:\/\/epilweb.com\" target=\"_blank\" rel=\"noopener\">Epilweb<\/a>. Ici sont regroup\u00e9s les informations sur les produits en \u00e9pilation et massage de la boutique. Nous essayons de regrouper tout ce qui peut vous aider \u00e0 choisir vos articles en \u00e9pilation et massage.<\/p>\n<p>Nous sommes sp\u00e9cialis\u00e9s dans les produits professionnels en \u00e9pilation depuis plus de 20 ans. Principalement avec les <a title=\"Cire \u00e9pilation sans bandes, la cire traditionnelle est professionnelle\" href=\"https:\/\/epilweb.com\/44-perles-cire-a-epiler-traditionnelle-professionnelle\">cires \u00e0 \u00e9piler<\/a>, accessoires de travail, paraffines, huiles de massage et bougies de massage.<\/p>\n<p>Dans le menu, vous trouverez la pr\u00e9sentation des produits en \u00e9pilation, cires professionnelles, huiles de massage et la r\u00e9ponse \u00e0 vos questions avant l&rsquo;achat.<\/p>\n<h2>Produits &#8211; Epilation<\/h2>\n<p>Parmi les meilleures boutiques pour le nombre de <a title=\"Cire \u00e0 \u00e9piler. Une gamme professionnelle en cire \u00e0 \u00e9piler sous toutes ses formes\" href=\"https:\/\/epilweb.com\/5-cire-a-epiler\">cires \u00e0 \u00e9piler<\/a> en ligne. La garantie de trouver son produit professionnel en \u00e9pilation.<\/p>\n<p><a href=\"https:\/\/epilweb.com\/117-kit-solor-look-concept\"><img loading=\"lazy\" decoding=\"async\" class=\"aligncenter wp-image-880 size-medium\" src=\"http:\/\/epilweb.com\/blog\/wp-content\/uploads\/2013\/12\/1608-300x141.jpg\" alt=\"Kit \u00e9pilation cire \u00e0 \u00e9piler jetable professionnelle\" width=\"300\" height=\"141\" srcset=\"https:\/\/epilweb.com\/blog\/wp-content\/uploads\/2013\/12\/1608-300x141.jpg 300w, https:\/\/epilweb.com\/blog\/wp-content\/uploads\/2013\/12\/1608-1024x480.jpg 1024w, https:\/\/epilweb.com\/blog\/wp-content\/uploads\/2013\/12\/1608-900x422.jpg 900w\" sizes=\"auto, (max-width: 300px) 100vw, 300px\" \/><\/a><\/p>\n<p>Pour une \u00e9pilation professionnelle, il est conseill\u00e9 d&rsquo;utiliser du mat\u00e9riel et des produits professionnels. C&rsquo;est le cas ici. Apr\u00e8s c&rsquo;est le coup de main qu&rsquo;il faut prendre, mais \u00e7a vient au fil du temps.<\/p>\n<p>Parmi les pages, les kits pour \u00e9pilation pr\u00eats \u00e0 \u00eatre utilis\u00e9s sont nombreux. Des prix bas et pour toutes les bourses, que l&rsquo;on soit particulier ou professionnel.<\/p>\n<p>Tous ces kits pour \u00e9piler utilisent des produits professionnels. Le chauffe cire est au mod\u00e8le standard europ\u00e9en, ce qui signifie qu&rsquo;il utilise les recharges habituelles en 100 ml de votre institut de beaut\u00e9. C&rsquo;est pour cette raison que le prix \u00ab\u00a0pas cher\u00a0\u00bb \u00e9tonne certaines clientes. Le \u00ab\u00a0pas cher\u00a0\u00bb c&rsquo;est de la fabrication en volume pour les professionnels et le bon arrachage c&rsquo;est que c&rsquo;est n\u00e9cessairement utilis\u00e9 par les professionnels.<\/p>\n<h3>Visiter<a title=\"Le meilleur choix en produits d'\u00e9pilation chez les professionnels en esth\u00e9tique\" href=\"https:\/\/epilweb.com\"> La boutique<\/a><\/h3>\n<p><a href=\"https:\/\/epilweb.com\/\"><img loading=\"lazy\" decoding=\"async\" class=\"alignnone wp-image-463\" title=\"Cire \u00e0 \u00e9piler pour \u00e9pilation roll on. Recharges \u00e9pilation standard professionnel\" src=\"http:\/\/epilweb.com\/blog\/wp-content\/uploads\/2013\/12\/recharges-300x129.jpg\" alt=\"cire \u00e0 \u00e9piler recharge roll on \u00e9pilation professionnelle roll on\" width=\"300\" height=\"129\" srcset=\"https:\/\/epilweb.com\/blog\/wp-content\/uploads\/2013\/12\/recharges-300x129.jpg 300w, https:\/\/epilweb.com\/blog\/wp-content\/uploads\/2013\/12\/recharges-1024x440.jpg 1024w\" sizes=\"auto, (max-width: 300px) 100vw, 300px\" \/><\/a><\/p>\n<h1>Huile de massage :<\/h1>\n<p>Plusieurs gammes en huile de massage sont propos\u00e9es \u00e0 la<a href=\"https:\/\/epilweb.com\/\"> vente dans la boutique<\/a>.<\/p>\n<p>Huile de massage adoucissante en diff\u00e9rents formats.<\/p>\n<p>Huile de massage chaude en diff\u00e9rents formats.<\/p>\n<p>Bougie de massage huile chaude.<\/p>\n<p>&nbsp;<\/p>\n<p>Si vous avez des questions, contactez nous<\/p>\n","protected":false},"excerpt":{"rendered":"<p>Epilation &amp; Massage Bonjour, Vous voici sur le blog epilation &amp; massage de la boutique Epilweb. Ici sont regroup\u00e9s les informations sur les produits en \u00e9pilation et massage de la boutique. Nous essayons de regrouper tout ce qui peut vous aider \u00e0 choisir vos articles en \u00e9pilation et massage. Nous sommes sp\u00e9cialis\u00e9s dans les produits &hellip; <a href=\"https:\/\/epilweb.com\/blog\/produits-epilation-epilweb\/\" class=\"more-link\">Continuer la lecture de <span class=\"screen-reader-text\">A propos<\/span> <span class=\"meta-nav\">&rarr;<\/span><\/a><\/p>\n","protected":false},"author":1,"featured_media":0,"parent":0,"menu_order":0,"comment_status":"closed","ping_status":"closed","template":"","meta":{"footnotes":""},"class_list":["post-2","page","type-page","status-publish","hentry"],"yoast_head":"<!-- This site is optimized with the Yoast SEO plugin v27.6 - https:\/\/yoast.com\/product\/yoast-seo-wordpress\/ -->\n<title>Blog des produits pour \u00e9pilation. Cire \u00e0 \u00e9piler professionnelle<\/title>\n<meta name=\"description\" content=\"Vous trouverez une aide pour vos produits en \u00e9pilation, huiles de massage, bougies de massage ou autres produits de bien \u00eatre. Cire \u00e0 \u00e9piler professionnelle\" \/>\n<meta name=\"robots\" content=\"index, follow, max-snippet:-1, max-image-preview:large, max-video-preview:-1\" \/>\n<link rel=\"canonical\" href=\"https:\/\/epilweb.com\/blog\/produits-epilation-epilweb\/\" \/>\n<meta property=\"og:locale\" content=\"fr_FR\" \/>\n<meta property=\"og:type\" content=\"article\" \/>\n<meta property=\"og:title\" content=\"Blog des produits pour \u00e9pilation. Cire \u00e0 \u00e9piler professionnelle\" \/>\n<meta property=\"og:description\" content=\"Vous trouverez une aide pour vos produits en \u00e9pilation, huiles de massage, bougies de massage ou autres produits de bien \u00eatre. Cire \u00e0 \u00e9piler professionnelle\" \/>\n<meta property=\"og:url\" content=\"https:\/\/epilweb.com\/blog\/produits-epilation-epilweb\/\" \/>\n<meta property=\"og:site_name\" content=\"Epilweb blog\" \/>\n<meta property=\"article:publisher\" content=\"https:\/\/www.facebook.com\/epilweb\" \/>\n<meta property=\"article:modified_time\" content=\"2018-01-30T08:45:03+00:00\" \/>\n<meta property=\"og:image\" content=\"http:\/\/epilweb.com\/blog\/wp-content\/uploads\/2013\/12\/1608-300x141.jpg\" \/>\n<meta name=\"twitter:label1\" content=\"Dur\u00e9e de lecture estim\u00e9e\" \/>\n\t<meta name=\"twitter:data1\" content=\"2 minutes\" \/>\n<script type=\"application\/ld+json\" class=\"yoast-schema-graph\">{\"@context\":\"https:\\\/\\\/schema.org\",\"@graph\":[{\"@type\":\"WebPage\",\"@id\":\"https:\\\/\\\/epilweb.com\\\/blog\\\/produits-epilation-epilweb\\\/\",\"url\":\"https:\\\/\\\/epilweb.com\\\/blog\\\/produits-epilation-epilweb\\\/\",\"name\":\"Blog des produits pour \u00e9pilation. Cire \u00e0 \u00e9piler professionnelle\",\"isPartOf\":{\"@id\":\"https:\\\/\\\/epilweb.com\\\/blog\\\/#website\"},\"primaryImageOfPage\":{\"@id\":\"https:\\\/\\\/epilweb.com\\\/blog\\\/produits-epilation-epilweb\\\/#primaryimage\"},\"image\":{\"@id\":\"https:\\\/\\\/epilweb.com\\\/blog\\\/produits-epilation-epilweb\\\/#primaryimage\"},\"thumbnailUrl\":\"http:\\\/\\\/epilweb.com\\\/blog\\\/wp-content\\\/uploads\\\/2013\\\/12\\\/1608-300x141.jpg\",\"datePublished\":\"2013-12-21T17:55:07+00:00\",\"dateModified\":\"2018-01-30T08:45:03+00:00\",\"description\":\"Vous trouverez une aide pour vos produits en \u00e9pilation, huiles de massage, bougies de massage ou autres produits de bien \u00eatre. Cire \u00e0 \u00e9piler professionnelle\",\"breadcrumb\":{\"@id\":\"https:\\\/\\\/epilweb.com\\\/blog\\\/produits-epilation-epilweb\\\/#breadcrumb\"},\"inLanguage\":\"fr-FR\",\"potentialAction\":[{\"@type\":\"ReadAction\",\"target\":[\"https:\\\/\\\/epilweb.com\\\/blog\\\/produits-epilation-epilweb\\\/\"]}]},{\"@type\":\"ImageObject\",\"inLanguage\":\"fr-FR\",\"@id\":\"https:\\\/\\\/epilweb.com\\\/blog\\\/produits-epilation-epilweb\\\/#primaryimage\",\"url\":\"http:\\\/\\\/epilweb.com\\\/blog\\\/wp-content\\\/uploads\\\/2013\\\/12\\\/1608-300x141.jpg\",\"contentUrl\":\"http:\\\/\\\/epilweb.com\\\/blog\\\/wp-content\\\/uploads\\\/2013\\\/12\\\/1608-300x141.jpg\"},{\"@type\":\"BreadcrumbList\",\"@id\":\"https:\\\/\\\/epilweb.com\\\/blog\\\/produits-epilation-epilweb\\\/#breadcrumb\",\"itemListElement\":[{\"@type\":\"ListItem\",\"position\":1,\"name\":\"Accueil\",\"item\":\"https:\\\/\\\/epilweb.com\\\/blog\\\/\"},{\"@type\":\"ListItem\",\"position\":2,\"name\":\"A propos\"}]},{\"@type\":\"WebSite\",\"@id\":\"https:\\\/\\\/epilweb.com\\\/blog\\\/#website\",\"url\":\"https:\\\/\\\/epilweb.com\\\/blog\\\/\",\"name\":\"Epilweb blog\",\"description\":\"Parlons des produits de la boutique Epilweb\",\"publisher\":{\"@id\":\"https:\\\/\\\/epilweb.com\\\/blog\\\/#organization\"},\"potentialAction\":[{\"@type\":\"SearchAction\",\"target\":{\"@type\":\"EntryPoint\",\"urlTemplate\":\"https:\\\/\\\/epilweb.com\\\/blog\\\/?s={search_term_string}\"},\"query-input\":{\"@type\":\"PropertyValueSpecification\",\"valueRequired\":true,\"valueName\":\"search_term_string\"}}],\"inLanguage\":\"fr-FR\"},{\"@type\":\"Organization\",\"@id\":\"https:\\\/\\\/epilweb.com\\\/blog\\\/#organization\",\"name\":\"Epilweb\",\"url\":\"https:\\\/\\\/epilweb.com\\\/blog\\\/\",\"logo\":{\"@type\":\"ImageObject\",\"inLanguage\":\"fr-FR\",\"@id\":\"https:\\\/\\\/epilweb.com\\\/blog\\\/#\\\/schema\\\/logo\\\/image\\\/\",\"url\":\"https:\\\/\\\/epilweb.com\\\/blog\\\/wp-content\\\/uploads\\\/2014\\\/04\\\/4-perles.jpg\",\"contentUrl\":\"https:\\\/\\\/epilweb.com\\\/blog\\\/wp-content\\\/uploads\\\/2014\\\/04\\\/4-perles.jpg\",\"width\":3264,\"height\":1603,\"caption\":\"Epilweb\"},\"image\":{\"@id\":\"https:\\\/\\\/epilweb.com\\\/blog\\\/#\\\/schema\\\/logo\\\/image\\\/\"},\"sameAs\":[\"https:\\\/\\\/www.facebook.com\\\/epilweb\",\"https:\\\/\\\/fr.pinterest.com\\\/epilweb\"]}]}<\/script>\n<!-- \/ Yoast SEO plugin. -->","yoast_head_json":{"title":"Blog des produits pour \u00e9pilation. Cire \u00e0 \u00e9piler professionnelle","description":"Vous trouverez une aide pour vos produits en \u00e9pilation, huiles de massage, bougies de massage ou autres produits de bien \u00eatre. Cire \u00e0 \u00e9piler professionnelle","robots":{"index":"index","follow":"follow","max-snippet":"max-snippet:-1","max-image-preview":"max-image-preview:large","max-video-preview":"max-video-preview:-1"},"canonical":"https:\/\/epilweb.com\/blog\/produits-epilation-epilweb\/","og_locale":"fr_FR","og_type":"article","og_title":"Blog des produits pour \u00e9pilation. Cire \u00e0 \u00e9piler professionnelle","og_description":"Vous trouverez une aide pour vos produits en \u00e9pilation, huiles de massage, bougies de massage ou autres produits de bien \u00eatre. Cire \u00e0 \u00e9piler professionnelle","og_url":"https:\/\/epilweb.com\/blog\/produits-epilation-epilweb\/","og_site_name":"Epilweb blog","article_publisher":"https:\/\/www.facebook.com\/epilweb","article_modified_time":"2018-01-30T08:45:03+00:00","og_image":[{"url":"http:\/\/epilweb.com\/blog\/wp-content\/uploads\/2013\/12\/1608-300x141.jpg","type":"","width":"","height":""}],"twitter_misc":{"Dur\u00e9e de lecture estim\u00e9e":"2 minutes"},"schema":{"@context":"https:\/\/schema.org","@graph":[{"@type":"WebPage","@id":"https:\/\/epilweb.com\/blog\/produits-epilation-epilweb\/","url":"https:\/\/epilweb.com\/blog\/produits-epilation-epilweb\/","name":"Blog des produits pour \u00e9pilation. Cire \u00e0 \u00e9piler professionnelle","isPartOf":{"@id":"https:\/\/epilweb.com\/blog\/#website"},"primaryImageOfPage":{"@id":"https:\/\/epilweb.com\/blog\/produits-epilation-epilweb\/#primaryimage"},"image":{"@id":"https:\/\/epilweb.com\/blog\/produits-epilation-epilweb\/#primaryimage"},"thumbnailUrl":"http:\/\/epilweb.com\/blog\/wp-content\/uploads\/2013\/12\/1608-300x141.jpg","datePublished":"2013-12-21T17:55:07+00:00","dateModified":"2018-01-30T08:45:03+00:00","description":"Vous trouverez une aide pour vos produits en \u00e9pilation, huiles de massage, bougies de massage ou autres produits de bien \u00eatre. Cire \u00e0 \u00e9piler professionnelle","breadcrumb":{"@id":"https:\/\/epilweb.com\/blog\/produits-epilation-epilweb\/#breadcrumb"},"inLanguage":"fr-FR","potentialAction":[{"@type":"ReadAction","target":["https:\/\/epilweb.com\/blog\/produits-epilation-epilweb\/"]}]},{"@type":"ImageObject","inLanguage":"fr-FR","@id":"https:\/\/epilweb.com\/blog\/produits-epilation-epilweb\/#primaryimage","url":"http:\/\/epilweb.com\/blog\/wp-content\/uploads\/2013\/12\/1608-300x141.jpg","contentUrl":"http:\/\/epilweb.com\/blog\/wp-content\/uploads\/2013\/12\/1608-300x141.jpg"},{"@type":"BreadcrumbList","@id":"https:\/\/epilweb.com\/blog\/produits-epilation-epilweb\/#breadcrumb","itemListElement":[{"@type":"ListItem","position":1,"name":"Accueil","item":"https:\/\/epilweb.com\/blog\/"},{"@type":"ListItem","position":2,"name":"A propos"}]},{"@type":"WebSite","@id":"https:\/\/epilweb.com\/blog\/#website","url":"https:\/\/epilweb.com\/blog\/","name":"Epilweb blog","description":"Parlons des produits de la boutique Epilweb","publisher":{"@id":"https:\/\/epilweb.com\/blog\/#organization"},"potentialAction":[{"@type":"SearchAction","target":{"@type":"EntryPoint","urlTemplate":"https:\/\/epilweb.com\/blog\/?s={search_term_string}"},"query-input":{"@type":"PropertyValueSpecification","valueRequired":true,"valueName":"search_term_string"}}],"inLanguage":"fr-FR"},{"@type":"Organization","@id":"https:\/\/epilweb.com\/blog\/#organization","name":"Epilweb","url":"https:\/\/epilweb.com\/blog\/","logo":{"@type":"ImageObject","inLanguage":"fr-FR","@id":"https:\/\/epilweb.com\/blog\/#\/schema\/logo\/image\/","url":"https:\/\/epilweb.com\/blog\/wp-content\/uploads\/2014\/04\/4-perles.jpg","contentUrl":"https:\/\/epilweb.com\/blog\/wp-content\/uploads\/2014\/04\/4-perles.jpg","width":3264,"height":1603,"caption":"Epilweb"},"image":{"@id":"https:\/\/epilweb.com\/blog\/#\/schema\/logo\/image\/"},"sameAs":["https:\/\/www.facebook.com\/epilweb","https:\/\/fr.pinterest.com\/epilweb"]}]}},"_links":{"self":[{"href":"https:\/\/epilweb.com\/blog\/wp-json\/wp\/v2\/pages\/2","targetHints":{"allow":["GET"]}}],"collection":[{"href":"https:\/\/epilweb.com\/blog\/wp-json\/wp\/v2\/pages"}],"about":[{"href":"https:\/\/epilweb.com\/blog\/wp-json\/wp\/v2\/types\/page"}],"author":[{"embeddable":true,"href":"https:\/\/epilweb.com\/blog\/wp-json\/wp\/v2\/users\/1"}],"replies":[{"embeddable":true,"href":"https:\/\/epilweb.com\/blog\/wp-json\/wp\/v2\/comments?post=2"}],"version-history":[{"count":50,"href":"https:\/\/epilweb.com\/blog\/wp-json\/wp\/v2\/pages\/2\/revisions"}],"predecessor-version":[{"id":1105,"href":"https:\/\/epilweb.com\/blog\/wp-json\/wp\/v2\/pages\/2\/revisions\/1105"}],"wp:attachment":[{"href":"https:\/\/epilweb.com\/blog\/wp-json\/wp\/v2\/media?parent=2"}],"curies":[{"name":"wp","href":"https:\/\/api.w.org\/{rel}","templated":true}]}}