{"id":183,"date":"2014-03-17T18:45:24","date_gmt":"2014-03-17T17:45:24","guid":{"rendered":"http:\/\/epilweb.com\/blog\/?page_id=183"},"modified":"2018-01-23T09:20:02","modified_gmt":"2018-01-23T08:20:02","slug":"huile-chaude","status":"publish","type":"page","link":"https:\/\/epilweb.com\/blog\/massage\/huile-chaude\/","title":{"rendered":"Huile chaude"},"content":{"rendered":"<p>Utiliser une huile chaude est la meilleure chance de r\u00e9ussir un massage. Il faut bien comprendre qu&rsquo;une huile s\u00e8che r\u00e9chauff\u00e9e ne devient pas une huile chaude.<\/p>\n<p><a href=\"https:\/\/epilweb.com\/78-huile-chaude-massage-parfumee\"><img loading=\"lazy\" decoding=\"async\" class=\"alignnone wp-image-457 size-medium\" title=\"Chauffe huile de massage avec flacons huile chaude\" src=\"https:\/\/epilweb.com\/blog\/wp-content\/uploads\/2014\/03\/chauffe-huile-chaude-300x225.jpg\" alt=\"huile chaude avec chauffe huile professionnel\" width=\"300\" height=\"225\" srcset=\"https:\/\/epilweb.com\/blog\/wp-content\/uploads\/2014\/03\/chauffe-huile-chaude-300x225.jpg 300w, https:\/\/epilweb.com\/blog\/wp-content\/uploads\/2014\/03\/chauffe-huile-chaude-1024x768.jpg 1024w\" sizes=\"auto, (max-width: 300px) 100vw, 300px\" \/><\/a><\/p>\n<p>L&rsquo;huile de massage habituelle que l&rsquo;on chauffe sous l&rsquo;eau du robinet ou dans un chauffe-biberon est une huile r\u00e9chauff\u00e9e, non qu&rsquo;elle soit mauvaise pour cela, mais c&rsquo;est comme cela. Habituellement, la r\u00e9chauffe sert \u00e0 ne pas contracter le client avant sa s\u00e9ance.<\/p>\n<p>L&rsquo;huile chaude dans la boutique est une m\u00e9lange pr\u00e9par\u00e9e pour rester chaude et qui sera que meilleure qualit\u00e9 \u00e9tant travailler \u00e0 chaud.<\/p>\n<p><img loading=\"lazy\" decoding=\"async\" class=\"alignnone wp-image-456 size-medium\" title=\"Seul appareil pour chauffer huile de massage chez les professionnels\" src=\"https:\/\/epilweb.com\/blog\/wp-content\/uploads\/2014\/03\/1129-262x300.jpg\" alt=\"chauffe huile de massage, pour huile chaude professionnelle\" width=\"262\" height=\"300\" srcset=\"https:\/\/epilweb.com\/blog\/wp-content\/uploads\/2014\/03\/1129-262x300.jpg 262w, https:\/\/epilweb.com\/blog\/wp-content\/uploads\/2014\/03\/1129-897x1024.jpg 897w, https:\/\/epilweb.com\/blog\/wp-content\/uploads\/2014\/03\/1129.jpg 1180w\" sizes=\"auto, (max-width: 262px) 100vw, 262px\" \/><\/p>\n<p>Pour avoir toujours la bonne temp\u00e9rature, il se trouve dans la <a title=\"Boutique huile de massage \u00e0 pas cher\" href=\"https:\/\/epilweb.com\">boutique <\/a>un chauffe-huile professionnel. A ma connaissance, c&rsquo;est le seul vrai appareil professionnel pour chauffe l&rsquo;huile. Le chauffe biberon fait un peu \u00ab\u00a0l\u00e9ger\u00a0\u00bb chez un professionnel au prix pratiqu\u00e9 du massage. M\u00eame si dans le massage la main-d\u2019\u0153uvre est une part importante du soin.<\/p>\n","protected":false},"excerpt":{"rendered":"<p>Utiliser une huile chaude est la meilleure chance de r\u00e9ussir un massage. Il faut bien comprendre qu&rsquo;une huile s\u00e8che r\u00e9chauff\u00e9e ne devient pas une huile chaude. L&rsquo;huile de massage habituelle que l&rsquo;on chauffe sous l&rsquo;eau du robinet ou dans un chauffe-biberon est une huile r\u00e9chauff\u00e9e, non qu&rsquo;elle soit mauvaise pour cela, mais c&rsquo;est comme cela. &hellip; <a href=\"https:\/\/epilweb.com\/blog\/massage\/huile-chaude\/\" class=\"more-link\">Continuer la lecture de <span class=\"screen-reader-text\">Huile chaude<\/span> <span class=\"meta-nav\">&rarr;<\/span><\/a><\/p>\n","protected":false},"author":1,"featured_media":0,"parent":7,"menu_order":2,"comment_status":"closed","ping_status":"closed","template":"","meta":{"footnotes":""},"class_list":["post-183","page","type-page","status-publish","hentry"],"yoast_head":"<!-- This site is optimized with the Yoast SEO plugin v27.6 - https:\/\/yoast.com\/product\/yoast-seo-wordpress\/ -->\n<title>Huile chaude et professionnelle pour masseurs en salon, spa, hammam.<\/title>\n<meta name=\"description\" content=\"Pour un massage de qualit\u00e9, utilisez une huile chaude. Il existe un chauffe-huile de massage adapt\u00e9e \u00e0 cette gamme de flacons professionnels d&#039;huile chaude\" \/>\n<meta name=\"robots\" content=\"index, follow, max-snippet:-1, max-image-preview:large, max-video-preview:-1\" \/>\n<link rel=\"canonical\" href=\"https:\/\/epilweb.com\/blog\/massage\/huile-chaude\/\" \/>\n<meta property=\"og:locale\" content=\"fr_FR\" \/>\n<meta property=\"og:type\" content=\"article\" \/>\n<meta property=\"og:title\" content=\"Huile chaude et professionnelle pour masseurs en salon, spa, hammam.\" \/>\n<meta property=\"og:description\" content=\"Pour un massage de qualit\u00e9, utilisez une huile chaude. Il existe un chauffe-huile de massage adapt\u00e9e \u00e0 cette gamme de flacons professionnels d&#039;huile chaude\" \/>\n<meta property=\"og:url\" content=\"https:\/\/epilweb.com\/blog\/massage\/huile-chaude\/\" \/>\n<meta property=\"og:site_name\" content=\"Epilweb blog\" \/>\n<meta property=\"article:publisher\" content=\"https:\/\/www.facebook.com\/epilweb\" \/>\n<meta property=\"article:modified_time\" content=\"2018-01-23T08:20:02+00:00\" \/>\n<meta property=\"og:image\" content=\"https:\/\/epilweb.com\/blog\/wp-content\/uploads\/2014\/03\/chauffe-huile-chaude-300x225.jpg\" \/>\n<meta name=\"twitter:label1\" content=\"Dur\u00e9e de lecture estim\u00e9e\" \/>\n\t<meta name=\"twitter:data1\" content=\"1 minute\" \/>\n<script type=\"application\/ld+json\" class=\"yoast-schema-graph\">{\"@context\":\"https:\\\/\\\/schema.org\",\"@graph\":[{\"@type\":\"WebPage\",\"@id\":\"https:\\\/\\\/epilweb.com\\\/blog\\\/massage\\\/huile-chaude\\\/\",\"url\":\"https:\\\/\\\/epilweb.com\\\/blog\\\/massage\\\/huile-chaude\\\/\",\"name\":\"Huile chaude et professionnelle pour masseurs en salon, spa, hammam.\",\"isPartOf\":{\"@id\":\"https:\\\/\\\/epilweb.com\\\/blog\\\/#website\"},\"primaryImageOfPage\":{\"@id\":\"https:\\\/\\\/epilweb.com\\\/blog\\\/massage\\\/huile-chaude\\\/#primaryimage\"},\"image\":{\"@id\":\"https:\\\/\\\/epilweb.com\\\/blog\\\/massage\\\/huile-chaude\\\/#primaryimage\"},\"thumbnailUrl\":\"https:\\\/\\\/epilweb.com\\\/blog\\\/wp-content\\\/uploads\\\/2014\\\/03\\\/chauffe-huile-chaude-300x225.jpg\",\"datePublished\":\"2014-03-17T17:45:24+00:00\",\"dateModified\":\"2018-01-23T08:20:02+00:00\",\"description\":\"Pour un massage de qualit\u00e9, utilisez une huile chaude. Il existe un chauffe-huile de massage adapt\u00e9e \u00e0 cette gamme de flacons professionnels d'huile chaude\",\"breadcrumb\":{\"@id\":\"https:\\\/\\\/epilweb.com\\\/blog\\\/massage\\\/huile-chaude\\\/#breadcrumb\"},\"inLanguage\":\"fr-FR\",\"potentialAction\":[{\"@type\":\"ReadAction\",\"target\":[\"https:\\\/\\\/epilweb.com\\\/blog\\\/massage\\\/huile-chaude\\\/\"]}]},{\"@type\":\"ImageObject\",\"inLanguage\":\"fr-FR\",\"@id\":\"https:\\\/\\\/epilweb.com\\\/blog\\\/massage\\\/huile-chaude\\\/#primaryimage\",\"url\":\"https:\\\/\\\/epilweb.com\\\/blog\\\/wp-content\\\/uploads\\\/2014\\\/03\\\/chauffe-huile-chaude.jpg\",\"contentUrl\":\"https:\\\/\\\/epilweb.com\\\/blog\\\/wp-content\\\/uploads\\\/2014\\\/03\\\/chauffe-huile-chaude.jpg\",\"width\":3264,\"height\":2448},{\"@type\":\"BreadcrumbList\",\"@id\":\"https:\\\/\\\/epilweb.com\\\/blog\\\/massage\\\/huile-chaude\\\/#breadcrumb\",\"itemListElement\":[{\"@type\":\"ListItem\",\"position\":1,\"name\":\"Accueil\",\"item\":\"https:\\\/\\\/epilweb.com\\\/blog\\\/\"},{\"@type\":\"ListItem\",\"position\":2,\"name\":\"Massage\",\"item\":\"https:\\\/\\\/epilweb.com\\\/blog\\\/massage\\\/\"},{\"@type\":\"ListItem\",\"position\":3,\"name\":\"Huile chaude\"}]},{\"@type\":\"WebSite\",\"@id\":\"https:\\\/\\\/epilweb.com\\\/blog\\\/#website\",\"url\":\"https:\\\/\\\/epilweb.com\\\/blog\\\/\",\"name\":\"Epilweb blog\",\"description\":\"Parlons des produits de la boutique Epilweb\",\"publisher\":{\"@id\":\"https:\\\/\\\/epilweb.com\\\/blog\\\/#organization\"},\"potentialAction\":[{\"@type\":\"SearchAction\",\"target\":{\"@type\":\"EntryPoint\",\"urlTemplate\":\"https:\\\/\\\/epilweb.com\\\/blog\\\/?s={search_term_string}\"},\"query-input\":{\"@type\":\"PropertyValueSpecification\",\"valueRequired\":true,\"valueName\":\"search_term_string\"}}],\"inLanguage\":\"fr-FR\"},{\"@type\":\"Organization\",\"@id\":\"https:\\\/\\\/epilweb.com\\\/blog\\\/#organization\",\"name\":\"Epilweb\",\"url\":\"https:\\\/\\\/epilweb.com\\\/blog\\\/\",\"logo\":{\"@type\":\"ImageObject\",\"inLanguage\":\"fr-FR\",\"@id\":\"https:\\\/\\\/epilweb.com\\\/blog\\\/#\\\/schema\\\/logo\\\/image\\\/\",\"url\":\"https:\\\/\\\/epilweb.com\\\/blog\\\/wp-content\\\/uploads\\\/2014\\\/04\\\/4-perles.jpg\",\"contentUrl\":\"https:\\\/\\\/epilweb.com\\\/blog\\\/wp-content\\\/uploads\\\/2014\\\/04\\\/4-perles.jpg\",\"width\":3264,\"height\":1603,\"caption\":\"Epilweb\"},\"image\":{\"@id\":\"https:\\\/\\\/epilweb.com\\\/blog\\\/#\\\/schema\\\/logo\\\/image\\\/\"},\"sameAs\":[\"https:\\\/\\\/www.facebook.com\\\/epilweb\",\"https:\\\/\\\/fr.pinterest.com\\\/epilweb\"]}]}<\/script>\n<!-- \/ Yoast SEO plugin. -->","yoast_head_json":{"title":"Huile chaude et professionnelle pour masseurs en salon, spa, hammam.","description":"Pour un massage de qualit\u00e9, utilisez une huile chaude. Il existe un chauffe-huile de massage adapt\u00e9e \u00e0 cette gamme de flacons professionnels d'huile chaude","robots":{"index":"index","follow":"follow","max-snippet":"max-snippet:-1","max-image-preview":"max-image-preview:large","max-video-preview":"max-video-preview:-1"},"canonical":"https:\/\/epilweb.com\/blog\/massage\/huile-chaude\/","og_locale":"fr_FR","og_type":"article","og_title":"Huile chaude et professionnelle pour masseurs en salon, spa, hammam.","og_description":"Pour un massage de qualit\u00e9, utilisez une huile chaude. Il existe un chauffe-huile de massage adapt\u00e9e \u00e0 cette gamme de flacons professionnels d'huile chaude","og_url":"https:\/\/epilweb.com\/blog\/massage\/huile-chaude\/","og_site_name":"Epilweb blog","article_publisher":"https:\/\/www.facebook.com\/epilweb","article_modified_time":"2018-01-23T08:20:02+00:00","og_image":[{"url":"https:\/\/epilweb.com\/blog\/wp-content\/uploads\/2014\/03\/chauffe-huile-chaude-300x225.jpg","type":"","width":"","height":""}],"twitter_misc":{"Dur\u00e9e de lecture estim\u00e9e":"1 minute"},"schema":{"@context":"https:\/\/schema.org","@graph":[{"@type":"WebPage","@id":"https:\/\/epilweb.com\/blog\/massage\/huile-chaude\/","url":"https:\/\/epilweb.com\/blog\/massage\/huile-chaude\/","name":"Huile chaude et professionnelle pour masseurs en salon, spa, hammam.","isPartOf":{"@id":"https:\/\/epilweb.com\/blog\/#website"},"primaryImageOfPage":{"@id":"https:\/\/epilweb.com\/blog\/massage\/huile-chaude\/#primaryimage"},"image":{"@id":"https:\/\/epilweb.com\/blog\/massage\/huile-chaude\/#primaryimage"},"thumbnailUrl":"https:\/\/epilweb.com\/blog\/wp-content\/uploads\/2014\/03\/chauffe-huile-chaude-300x225.jpg","datePublished":"2014-03-17T17:45:24+00:00","dateModified":"2018-01-23T08:20:02+00:00","description":"Pour un massage de qualit\u00e9, utilisez une huile chaude. Il existe un chauffe-huile de massage adapt\u00e9e \u00e0 cette gamme de flacons professionnels d'huile chaude","breadcrumb":{"@id":"https:\/\/epilweb.com\/blog\/massage\/huile-chaude\/#breadcrumb"},"inLanguage":"fr-FR","potentialAction":[{"@type":"ReadAction","target":["https:\/\/epilweb.com\/blog\/massage\/huile-chaude\/"]}]},{"@type":"ImageObject","inLanguage":"fr-FR","@id":"https:\/\/epilweb.com\/blog\/massage\/huile-chaude\/#primaryimage","url":"https:\/\/epilweb.com\/blog\/wp-content\/uploads\/2014\/03\/chauffe-huile-chaude.jpg","contentUrl":"https:\/\/epilweb.com\/blog\/wp-content\/uploads\/2014\/03\/chauffe-huile-chaude.jpg","width":3264,"height":2448},{"@type":"BreadcrumbList","@id":"https:\/\/epilweb.com\/blog\/massage\/huile-chaude\/#breadcrumb","itemListElement":[{"@type":"ListItem","position":1,"name":"Accueil","item":"https:\/\/epilweb.com\/blog\/"},{"@type":"ListItem","position":2,"name":"Massage","item":"https:\/\/epilweb.com\/blog\/massage\/"},{"@type":"ListItem","position":3,"name":"Huile chaude"}]},{"@type":"WebSite","@id":"https:\/\/epilweb.com\/blog\/#website","url":"https:\/\/epilweb.com\/blog\/","name":"Epilweb blog","description":"Parlons des produits de la boutique Epilweb","publisher":{"@id":"https:\/\/epilweb.com\/blog\/#organization"},"potentialAction":[{"@type":"SearchAction","target":{"@type":"EntryPoint","urlTemplate":"https:\/\/epilweb.com\/blog\/?s={search_term_string}"},"query-input":{"@type":"PropertyValueSpecification","valueRequired":true,"valueName":"search_term_string"}}],"inLanguage":"fr-FR"},{"@type":"Organization","@id":"https:\/\/epilweb.com\/blog\/#organization","name":"Epilweb","url":"https:\/\/epilweb.com\/blog\/","logo":{"@type":"ImageObject","inLanguage":"fr-FR","@id":"https:\/\/epilweb.com\/blog\/#\/schema\/logo\/image\/","url":"https:\/\/epilweb.com\/blog\/wp-content\/uploads\/2014\/04\/4-perles.jpg","contentUrl":"https:\/\/epilweb.com\/blog\/wp-content\/uploads\/2014\/04\/4-perles.jpg","width":3264,"height":1603,"caption":"Epilweb"},"image":{"@id":"https:\/\/epilweb.com\/blog\/#\/schema\/logo\/image\/"},"sameAs":["https:\/\/www.facebook.com\/epilweb","https:\/\/fr.pinterest.com\/epilweb"]}]}},"_links":{"self":[{"href":"https:\/\/epilweb.com\/blog\/wp-json\/wp\/v2\/pages\/183","targetHints":{"allow":["GET"]}}],"collection":[{"href":"https:\/\/epilweb.com\/blog\/wp-json\/wp\/v2\/pages"}],"about":[{"href":"https:\/\/epilweb.com\/blog\/wp-json\/wp\/v2\/types\/page"}],"author":[{"embeddable":true,"href":"https:\/\/epilweb.com\/blog\/wp-json\/wp\/v2\/users\/1"}],"replies":[{"embeddable":true,"href":"https:\/\/epilweb.com\/blog\/wp-json\/wp\/v2\/comments?post=183"}],"version-history":[{"count":7,"href":"https:\/\/epilweb.com\/blog\/wp-json\/wp\/v2\/pages\/183\/revisions"}],"predecessor-version":[{"id":980,"href":"https:\/\/epilweb.com\/blog\/wp-json\/wp\/v2\/pages\/183\/revisions\/980"}],"up":[{"embeddable":true,"href":"https:\/\/epilweb.com\/blog\/wp-json\/wp\/v2\/pages\/7"}],"wp:attachment":[{"href":"https:\/\/epilweb.com\/blog\/wp-json\/wp\/v2\/media?parent=183"}],"curies":[{"name":"wp","href":"https:\/\/api.w.org\/{rel}","templated":true}]}}