{"id":13,"date":"2013-12-21T20:03:58","date_gmt":"2013-12-21T19:03:58","guid":{"rendered":"http:\/\/epilweb.com\/blog\/?page_id=13"},"modified":"2018-01-25T12:11:19","modified_gmt":"2018-01-25T11:11:19","slug":"cire-a-epiler","status":"publish","type":"page","link":"https:\/\/epilweb.com\/blog\/cire-a-epiler\/","title":{"rendered":"Cire \u00e0 \u00e9piler"},"content":{"rendered":"<p style=\"text-align: justify;\">Parmi les <strong>cires \u00e0 \u00e9piler,<\/strong> la cire \u00e0 \u00e9piler traditionnelle ROSE en galets fait partie des meilleures ventes aupr\u00e8s des particuliers.<\/p>\n<p style=\"text-align: left;\"><a title=\"La cire chaude pour vos \u00e9pilation \u00e0 la maison\" href=\"https:\/\/epilweb.com\/\"><img loading=\"lazy\" decoding=\"async\" class=\"aligncenter wp-image-38\" title=\"Cire \u00e0 \u00e9piler en galets de cire traditionnelle. Une cire a epiler professionnelle\" src=\"http:\/\/epilweb.com\/blog\/wp-content\/uploads\/2013\/12\/0242-300x173.jpg\" alt=\"Cire \u00e0 \u00e9piler pour des \u00e9pilations \u00e0 la cire chaude.\" width=\"300\" height=\"173\" srcset=\"https:\/\/epilweb.com\/blog\/wp-content\/uploads\/2013\/12\/0242-300x173.jpg 300w, https:\/\/epilweb.com\/blog\/wp-content\/uploads\/2013\/12\/0242-1024x591.jpg 1024w, https:\/\/epilweb.com\/blog\/wp-content\/uploads\/2013\/12\/0242.jpg 1298w\" sizes=\"auto, (max-width: 300px) 100vw, 300px\" \/><\/a>Cette cire \u00e0 \u00e9piler est plut\u00f4t destin\u00e9es aux peaux et zones sensibles. Qualit\u00e9 cr\u00e9meuse gr\u00e2ce aux additifs adoucissants qui la compose.<\/p>\n<p>Cette cire \u00e0 \u00e9piler est recyclable et n&rsquo;utilise pas de bandes pour son utilisation.<\/p>\n<p>L&rsquo;utilisation de la cire \u00e0 \u00e9piler traditionnelle demande un peu de pratique.<\/p>\n<p>La r\u00e9chauffe de la cire s&rsquo;effectue \u00e0 l&rsquo;aide d&rsquo;un chauffe cire, soit professionnel avec sa cassolette ou particulier avec deux bacs pour recyclage, (Braun, Solac&#8230;).<\/p>\n<p>On peut trouver des kits pour \u00e9pilation dans la <a title=\"Kit \u00e9pilation avec chauffe cire \u00e0 \u00e9piler. De bonnes \u00e9pilations \u00e0 la maison\" href=\"https:\/\/epilweb.com\/\">boutique<\/a>. La cire \u00e0 \u00e9piler peut \u00eatre en perles traditionnelles, o\u00f9 \u00e9lastiques.<\/p>\n<h2>Les diff\u00e9rentes cires \u00e0 \u00e9piler<\/h2>\n<p>Il existe 3 principales sortes de cires pour \u00e9pilation.<\/p>\n<p><a title=\"La cire traditionnelle est la plus utilis\u00e9e et depuis le plus longtemps en \u00e9pilation,\" href=\"https:\/\/epilweb.com\/11-cire-a-epiler-traditionnelle-chaude\"><strong>La cire traditionnelle.<\/strong><\/a> C&rsquo;est une cire \u00e0 \u00e9piler qui n&rsquo;utilise pas de bande, et qui devient cassante \u00e0 froid.<\/p>\n<p><a title=\"Cire sans bandes, dite pelable, fine wax, soft wax, un grand choix\" href=\"https:\/\/epilweb.com\/13-cire-pelable\" target=\"_blank\" rel=\"noopener\"><strong>La cire pelable sans bandes.<\/strong><\/a> Une cire \u00e0 \u00e9piler basse temp\u00e9rature, qui s&rsquo;applique en fine couche. A froid la cire reste \u00e9lastique. Cette cire est \u00e9galement appel\u00e9e <span style=\"color: #993300;\">Cire magique<\/span> par ses utilisateurs. Elle fait partie des cires de derni\u00e8re g\u00e9n\u00e9ration.<\/p>\n<p><a title=\"Les cires avec bandes, cires ti\u00e8des \u00e0 utiliser en roll-on ou \u00e0 la spatule\" href=\"https:\/\/epilweb.com\/12-cire-a-epiler-jetable-tiedes\" target=\"_blank\" rel=\"noopener\"><strong>La cire jetable avec bandes.<\/strong><\/a> C&rsquo;est une cire \u00e0 \u00e9piler basse temp\u00e9rature, elle s&rsquo;applique en couche fine, plus facilement si l&rsquo;on utilise les recharges Roll on.<\/p>\n<p>Attention suivant les boutiques, les vendeurs (qui ne sont pas vraiment des utilisateurs) m\u00e9langent un peu les noms et donc les cires. C&rsquo;est assez ennuyeux au final, m\u00eame si le client final ne s&rsquo;en aper\u00e7oit pas toujours&#8230; L&rsquo;esth\u00e9ticienne verra toujours la diff\u00e9rence.<\/p>\n<h3>Visiter<a title=\"Le meilleur choix en produits d'\u00e9pilation chez les professionnels en esth\u00e9tique\" href=\"https:\/\/epilweb.com\"> La boutique<\/a><\/h3>\n","protected":false},"excerpt":{"rendered":"<p>Parmi les cires \u00e0 \u00e9piler, la cire \u00e0 \u00e9piler traditionnelle ROSE en galets fait partie des meilleures ventes aupr\u00e8s des particuliers. Cette cire \u00e0 \u00e9piler est plut\u00f4t destin\u00e9es aux peaux et zones sensibles. Qualit\u00e9 cr\u00e9meuse gr\u00e2ce aux additifs adoucissants qui la compose. Cette cire \u00e0 \u00e9piler est recyclable et n&rsquo;utilise pas de bandes pour son &hellip; <a href=\"https:\/\/epilweb.com\/blog\/cire-a-epiler\/\" class=\"more-link\">Continuer la lecture de <span class=\"screen-reader-text\">Cire \u00e0 \u00e9piler<\/span> <span class=\"meta-nav\">&rarr;<\/span><\/a><\/p>\n","protected":false},"author":1,"featured_media":0,"parent":0,"menu_order":1,"comment_status":"closed","ping_status":"closed","template":"","meta":{"footnotes":""},"class_list":["post-13","page","type-page","status-publish","hentry"],"yoast_head":"<!-- This site is optimized with the Yoast SEO plugin v27.6 - https:\/\/yoast.com\/product\/yoast-seo-wordpress\/ -->\n<title>Les cires \u00e0 \u00e9piler professionnelles pour l&#039;\u00e9pilation \u00e0 la maison<\/title>\n<meta name=\"description\" content=\"La cire \u00e0 \u00e9piler se pr\u00e9sente sous diff\u00e9rentes sortes et conditionnements dans la boutique. En perles, pots, en barquettes en galets, suivant votre mat\u00e9riel.\" \/>\n<meta name=\"robots\" content=\"index, follow, max-snippet:-1, max-image-preview:large, max-video-preview:-1\" \/>\n<link rel=\"canonical\" href=\"https:\/\/epilweb.com\/blog\/cire-a-epiler\/\" \/>\n<meta property=\"og:locale\" content=\"fr_FR\" \/>\n<meta property=\"og:type\" content=\"article\" \/>\n<meta property=\"og:title\" content=\"Les cires \u00e0 \u00e9piler professionnelles pour l&#039;\u00e9pilation \u00e0 la maison\" \/>\n<meta property=\"og:description\" content=\"La cire \u00e0 \u00e9piler se pr\u00e9sente sous diff\u00e9rentes sortes et conditionnements dans la boutique. En perles, pots, en barquettes en galets, suivant votre mat\u00e9riel.\" \/>\n<meta property=\"og:url\" content=\"https:\/\/epilweb.com\/blog\/cire-a-epiler\/\" \/>\n<meta property=\"og:site_name\" content=\"Epilweb blog\" \/>\n<meta property=\"article:publisher\" content=\"https:\/\/www.facebook.com\/epilweb\" \/>\n<meta property=\"article:modified_time\" content=\"2018-01-25T11:11:19+00:00\" \/>\n<meta property=\"og:image\" content=\"http:\/\/epilweb.com\/blog\/wp-content\/uploads\/2013\/12\/0242-300x173.jpg\" \/>\n<meta name=\"twitter:label1\" content=\"Dur\u00e9e de lecture estim\u00e9e\" \/>\n\t<meta name=\"twitter:data1\" content=\"1 minute\" \/>\n<script type=\"application\/ld+json\" class=\"yoast-schema-graph\">{\"@context\":\"https:\\\/\\\/schema.org\",\"@graph\":[{\"@type\":\"WebPage\",\"@id\":\"https:\\\/\\\/epilweb.com\\\/blog\\\/cire-a-epiler\\\/\",\"url\":\"https:\\\/\\\/epilweb.com\\\/blog\\\/cire-a-epiler\\\/\",\"name\":\"Les cires \u00e0 \u00e9piler professionnelles pour l'\u00e9pilation \u00e0 la maison\",\"isPartOf\":{\"@id\":\"https:\\\/\\\/epilweb.com\\\/blog\\\/#website\"},\"primaryImageOfPage\":{\"@id\":\"https:\\\/\\\/epilweb.com\\\/blog\\\/cire-a-epiler\\\/#primaryimage\"},\"image\":{\"@id\":\"https:\\\/\\\/epilweb.com\\\/blog\\\/cire-a-epiler\\\/#primaryimage\"},\"thumbnailUrl\":\"http:\\\/\\\/epilweb.com\\\/blog\\\/wp-content\\\/uploads\\\/2013\\\/12\\\/0242-300x173.jpg\",\"datePublished\":\"2013-12-21T19:03:58+00:00\",\"dateModified\":\"2018-01-25T11:11:19+00:00\",\"description\":\"La cire \u00e0 \u00e9piler se pr\u00e9sente sous diff\u00e9rentes sortes et conditionnements dans la boutique. En perles, pots, en barquettes en galets, suivant votre mat\u00e9riel.\",\"breadcrumb\":{\"@id\":\"https:\\\/\\\/epilweb.com\\\/blog\\\/cire-a-epiler\\\/#breadcrumb\"},\"inLanguage\":\"fr-FR\",\"potentialAction\":[{\"@type\":\"ReadAction\",\"target\":[\"https:\\\/\\\/epilweb.com\\\/blog\\\/cire-a-epiler\\\/\"]}]},{\"@type\":\"ImageObject\",\"inLanguage\":\"fr-FR\",\"@id\":\"https:\\\/\\\/epilweb.com\\\/blog\\\/cire-a-epiler\\\/#primaryimage\",\"url\":\"http:\\\/\\\/epilweb.com\\\/blog\\\/wp-content\\\/uploads\\\/2013\\\/12\\\/0242-300x173.jpg\",\"contentUrl\":\"http:\\\/\\\/epilweb.com\\\/blog\\\/wp-content\\\/uploads\\\/2013\\\/12\\\/0242-300x173.jpg\"},{\"@type\":\"BreadcrumbList\",\"@id\":\"https:\\\/\\\/epilweb.com\\\/blog\\\/cire-a-epiler\\\/#breadcrumb\",\"itemListElement\":[{\"@type\":\"ListItem\",\"position\":1,\"name\":\"Accueil\",\"item\":\"https:\\\/\\\/epilweb.com\\\/blog\\\/\"},{\"@type\":\"ListItem\",\"position\":2,\"name\":\"Cire \u00e0 \u00e9piler\"}]},{\"@type\":\"WebSite\",\"@id\":\"https:\\\/\\\/epilweb.com\\\/blog\\\/#website\",\"url\":\"https:\\\/\\\/epilweb.com\\\/blog\\\/\",\"name\":\"Epilweb blog\",\"description\":\"Parlons des produits de la boutique Epilweb\",\"publisher\":{\"@id\":\"https:\\\/\\\/epilweb.com\\\/blog\\\/#organization\"},\"potentialAction\":[{\"@type\":\"SearchAction\",\"target\":{\"@type\":\"EntryPoint\",\"urlTemplate\":\"https:\\\/\\\/epilweb.com\\\/blog\\\/?s={search_term_string}\"},\"query-input\":{\"@type\":\"PropertyValueSpecification\",\"valueRequired\":true,\"valueName\":\"search_term_string\"}}],\"inLanguage\":\"fr-FR\"},{\"@type\":\"Organization\",\"@id\":\"https:\\\/\\\/epilweb.com\\\/blog\\\/#organization\",\"name\":\"Epilweb\",\"url\":\"https:\\\/\\\/epilweb.com\\\/blog\\\/\",\"logo\":{\"@type\":\"ImageObject\",\"inLanguage\":\"fr-FR\",\"@id\":\"https:\\\/\\\/epilweb.com\\\/blog\\\/#\\\/schema\\\/logo\\\/image\\\/\",\"url\":\"https:\\\/\\\/epilweb.com\\\/blog\\\/wp-content\\\/uploads\\\/2014\\\/04\\\/4-perles.jpg\",\"contentUrl\":\"https:\\\/\\\/epilweb.com\\\/blog\\\/wp-content\\\/uploads\\\/2014\\\/04\\\/4-perles.jpg\",\"width\":3264,\"height\":1603,\"caption\":\"Epilweb\"},\"image\":{\"@id\":\"https:\\\/\\\/epilweb.com\\\/blog\\\/#\\\/schema\\\/logo\\\/image\\\/\"},\"sameAs\":[\"https:\\\/\\\/www.facebook.com\\\/epilweb\",\"https:\\\/\\\/fr.pinterest.com\\\/epilweb\"]}]}<\/script>\n<!-- \/ Yoast SEO plugin. -->","yoast_head_json":{"title":"Les cires \u00e0 \u00e9piler professionnelles pour l'\u00e9pilation \u00e0 la maison","description":"La cire \u00e0 \u00e9piler se pr\u00e9sente sous diff\u00e9rentes sortes et conditionnements dans la boutique. En perles, pots, en barquettes en galets, suivant votre mat\u00e9riel.","robots":{"index":"index","follow":"follow","max-snippet":"max-snippet:-1","max-image-preview":"max-image-preview:large","max-video-preview":"max-video-preview:-1"},"canonical":"https:\/\/epilweb.com\/blog\/cire-a-epiler\/","og_locale":"fr_FR","og_type":"article","og_title":"Les cires \u00e0 \u00e9piler professionnelles pour l'\u00e9pilation \u00e0 la maison","og_description":"La cire \u00e0 \u00e9piler se pr\u00e9sente sous diff\u00e9rentes sortes et conditionnements dans la boutique. En perles, pots, en barquettes en galets, suivant votre mat\u00e9riel.","og_url":"https:\/\/epilweb.com\/blog\/cire-a-epiler\/","og_site_name":"Epilweb blog","article_publisher":"https:\/\/www.facebook.com\/epilweb","article_modified_time":"2018-01-25T11:11:19+00:00","og_image":[{"url":"http:\/\/epilweb.com\/blog\/wp-content\/uploads\/2013\/12\/0242-300x173.jpg","type":"","width":"","height":""}],"twitter_misc":{"Dur\u00e9e de lecture estim\u00e9e":"1 minute"},"schema":{"@context":"https:\/\/schema.org","@graph":[{"@type":"WebPage","@id":"https:\/\/epilweb.com\/blog\/cire-a-epiler\/","url":"https:\/\/epilweb.com\/blog\/cire-a-epiler\/","name":"Les cires \u00e0 \u00e9piler professionnelles pour l'\u00e9pilation \u00e0 la maison","isPartOf":{"@id":"https:\/\/epilweb.com\/blog\/#website"},"primaryImageOfPage":{"@id":"https:\/\/epilweb.com\/blog\/cire-a-epiler\/#primaryimage"},"image":{"@id":"https:\/\/epilweb.com\/blog\/cire-a-epiler\/#primaryimage"},"thumbnailUrl":"http:\/\/epilweb.com\/blog\/wp-content\/uploads\/2013\/12\/0242-300x173.jpg","datePublished":"2013-12-21T19:03:58+00:00","dateModified":"2018-01-25T11:11:19+00:00","description":"La cire \u00e0 \u00e9piler se pr\u00e9sente sous diff\u00e9rentes sortes et conditionnements dans la boutique. En perles, pots, en barquettes en galets, suivant votre mat\u00e9riel.","breadcrumb":{"@id":"https:\/\/epilweb.com\/blog\/cire-a-epiler\/#breadcrumb"},"inLanguage":"fr-FR","potentialAction":[{"@type":"ReadAction","target":["https:\/\/epilweb.com\/blog\/cire-a-epiler\/"]}]},{"@type":"ImageObject","inLanguage":"fr-FR","@id":"https:\/\/epilweb.com\/blog\/cire-a-epiler\/#primaryimage","url":"http:\/\/epilweb.com\/blog\/wp-content\/uploads\/2013\/12\/0242-300x173.jpg","contentUrl":"http:\/\/epilweb.com\/blog\/wp-content\/uploads\/2013\/12\/0242-300x173.jpg"},{"@type":"BreadcrumbList","@id":"https:\/\/epilweb.com\/blog\/cire-a-epiler\/#breadcrumb","itemListElement":[{"@type":"ListItem","position":1,"name":"Accueil","item":"https:\/\/epilweb.com\/blog\/"},{"@type":"ListItem","position":2,"name":"Cire \u00e0 \u00e9piler"}]},{"@type":"WebSite","@id":"https:\/\/epilweb.com\/blog\/#website","url":"https:\/\/epilweb.com\/blog\/","name":"Epilweb blog","description":"Parlons des produits de la boutique Epilweb","publisher":{"@id":"https:\/\/epilweb.com\/blog\/#organization"},"potentialAction":[{"@type":"SearchAction","target":{"@type":"EntryPoint","urlTemplate":"https:\/\/epilweb.com\/blog\/?s={search_term_string}"},"query-input":{"@type":"PropertyValueSpecification","valueRequired":true,"valueName":"search_term_string"}}],"inLanguage":"fr-FR"},{"@type":"Organization","@id":"https:\/\/epilweb.com\/blog\/#organization","name":"Epilweb","url":"https:\/\/epilweb.com\/blog\/","logo":{"@type":"ImageObject","inLanguage":"fr-FR","@id":"https:\/\/epilweb.com\/blog\/#\/schema\/logo\/image\/","url":"https:\/\/epilweb.com\/blog\/wp-content\/uploads\/2014\/04\/4-perles.jpg","contentUrl":"https:\/\/epilweb.com\/blog\/wp-content\/uploads\/2014\/04\/4-perles.jpg","width":3264,"height":1603,"caption":"Epilweb"},"image":{"@id":"https:\/\/epilweb.com\/blog\/#\/schema\/logo\/image\/"},"sameAs":["https:\/\/www.facebook.com\/epilweb","https:\/\/fr.pinterest.com\/epilweb"]}]}},"_links":{"self":[{"href":"https:\/\/epilweb.com\/blog\/wp-json\/wp\/v2\/pages\/13","targetHints":{"allow":["GET"]}}],"collection":[{"href":"https:\/\/epilweb.com\/blog\/wp-json\/wp\/v2\/pages"}],"about":[{"href":"https:\/\/epilweb.com\/blog\/wp-json\/wp\/v2\/types\/page"}],"author":[{"embeddable":true,"href":"https:\/\/epilweb.com\/blog\/wp-json\/wp\/v2\/users\/1"}],"replies":[{"embeddable":true,"href":"https:\/\/epilweb.com\/blog\/wp-json\/wp\/v2\/comments?post=13"}],"version-history":[{"count":30,"href":"https:\/\/epilweb.com\/blog\/wp-json\/wp\/v2\/pages\/13\/revisions"}],"predecessor-version":[{"id":1067,"href":"https:\/\/epilweb.com\/blog\/wp-json\/wp\/v2\/pages\/13\/revisions\/1067"}],"wp:attachment":[{"href":"https:\/\/epilweb.com\/blog\/wp-json\/wp\/v2\/media?parent=13"}],"curies":[{"name":"wp","href":"https:\/\/api.w.org\/{rel}","templated":true}]}}